{"id":10389,"date":"2022-02-11T18:18:13","date_gmt":"2022-02-11T18:18:13","guid":{"rendered":"https:\/\/avitem.fr\/circular-economy"},"modified":"2023-04-06T20:55:02","modified_gmt":"2023-04-06T20:55:02","slug":"circular-economy","status":"publish","type":"page","link":"https:\/\/avitem.fr\/en\/circular-economy","title":{"rendered":"Circular economy"},"content":{"rendered":"\t\t<div data-elementor-type=\"wp-page\" data-elementor-id=\"10389\" class=\"elementor elementor-10389 elementor-6681\" data-elementor-post-type=\"page\">\n\t\t\t\t\t\t<section class=\"elementor-section elementor-top-section elementor-element elementor-element-d3f6bc3 elementor-section-boxed elementor-section-height-default elementor-section-height-default\" data-id=\"d3f6bc3\" data-element_type=\"section\" data-e-type=\"section\">\n\t\t\t\t\t\t<div class=\"elementor-container elementor-column-gap-default\">\n\t\t\t\t\t<div class=\"elementor-column elementor-col-100 elementor-top-column elementor-element elementor-element-0503c47\" data-id=\"0503c47\" data-element_type=\"column\" data-e-type=\"column\">\n\t\t\t<div class=\"elementor-widget-wrap\">\n\t\t\t\t\t\t\t<\/div>\n\t\t<\/div>\n\t\t\t\t\t<\/div>\n\t\t<\/section>\n\t\t\t\t<section class=\"elementor-section elementor-top-section elementor-element elementor-element-cf747dd elementor-section-boxed elementor-section-height-default elementor-section-height-default\" data-id=\"cf747dd\" data-element_type=\"section\" data-e-type=\"section\">\n\t\t\t\t\t\t<div class=\"elementor-container elementor-column-gap-default\">\n\t\t\t\t\t<div class=\"elementor-column elementor-col-100 elementor-top-column elementor-element elementor-element-626e292\" data-id=\"626e292\" data-element_type=\"column\" data-e-type=\"column\">\n\t\t\t<div class=\"elementor-widget-wrap elementor-element-populated\">\n\t\t\t\t\t\t<div class=\"elementor-element elementor-element-ba4e442 elementor-widget elementor-widget-spacer\" data-id=\"ba4e442\" data-element_type=\"widget\" data-e-type=\"widget\" data-widget_type=\"spacer.default\">\n\t\t\t\t<div class=\"elementor-widget-container\">\n\t\t\t\t\t\t\t<div class=\"elementor-spacer\">\n\t\t\t<div class=\"elementor-spacer-inner\"><\/div>\n\t\t<\/div>\n\t\t\t\t\t\t<\/div>\n\t\t\t\t<\/div>\n\t\t\t\t<div class=\"elementor-element elementor-element-fc8bf9e elementor-widget elementor-widget-spacer\" data-id=\"fc8bf9e\" data-element_type=\"widget\" data-e-type=\"widget\" data-widget_type=\"spacer.default\">\n\t\t\t\t<div class=\"elementor-widget-container\">\n\t\t\t\t\t\t\t<div class=\"elementor-spacer\">\n\t\t\t<div class=\"elementor-spacer-inner\"><\/div>\n\t\t<\/div>\n\t\t\t\t\t\t<\/div>\n\t\t\t\t<\/div>\n\t\t\t\t\t<\/div>\n\t\t<\/div>\n\t\t\t\t\t<\/div>\n\t\t<\/section>\n\t\t\t\t<section class=\"elementor-section elementor-top-section elementor-element elementor-element-d5c8cb2 elementor-section-boxed elementor-section-height-default elementor-section-height-default\" data-id=\"d5c8cb2\" data-element_type=\"section\" data-e-type=\"section\">\n\t\t\t\t\t\t<div class=\"elementor-container elementor-column-gap-default\">\n\t\t\t\t\t<div class=\"elementor-column elementor-col-100 elementor-top-column elementor-element elementor-element-a30e971\" data-id=\"a30e971\" data-element_type=\"column\" data-e-type=\"column\">\n\t\t\t<div class=\"elementor-widget-wrap\">\n\t\t\t\t\t\t\t<\/div>\n\t\t<\/div>\n\t\t\t\t\t<\/div>\n\t\t<\/section>\n\t\t\t\t<section class=\"elementor-section elementor-top-section elementor-element elementor-element-d8235c2 elementor-section-boxed elementor-section-height-default elementor-section-height-default\" data-id=\"d8235c2\" data-element_type=\"section\" data-e-type=\"section\">\n\t\t\t\t\t\t<div class=\"elementor-container elementor-column-gap-default\">\n\t\t\t\t\t<div class=\"elementor-column elementor-col-100 elementor-top-column elementor-element elementor-element-1d5d563\" data-id=\"1d5d563\" data-element_type=\"column\" data-e-type=\"column\">\n\t\t\t<div class=\"elementor-widget-wrap elementor-element-populated\">\n\t\t\t\t\t\t<div class=\"elementor-element elementor-element-8e3c884 elementor-widget elementor-widget-spacer\" data-id=\"8e3c884\" data-element_type=\"widget\" data-e-type=\"widget\" data-widget_type=\"spacer.default\">\n\t\t\t\t<div class=\"elementor-widget-container\">\n\t\t\t\t\t\t\t<div class=\"elementor-spacer\">\n\t\t\t<div class=\"elementor-spacer-inner\"><\/div>\n\t\t<\/div>\n\t\t\t\t\t\t<\/div>\n\t\t\t\t<\/div>\n\t\t\t\t\t<\/div>\n\t\t<\/div>\n\t\t\t\t\t<\/div>\n\t\t<\/section>\n\t\t\t\t<section class=\"elementor-section elementor-top-section elementor-element elementor-element-aff57a3 elementor-section-boxed elementor-section-height-default elementor-section-height-default\" data-id=\"aff57a3\" data-element_type=\"section\" data-e-type=\"section\">\n\t\t\t\t\t\t<div class=\"elementor-container elementor-column-gap-wide\">\n\t\t\t\t\t<div class=\"elementor-column elementor-col-100 elementor-top-column elementor-element elementor-element-4b86493\" data-id=\"4b86493\" data-element_type=\"column\" data-e-type=\"column\">\n\t\t\t<div class=\"elementor-widget-wrap elementor-element-populated\">\n\t\t\t\t\t\t<div class=\"elementor-element elementor-element-a0ee385 elementor-widget elementor-widget-spacer\" data-id=\"a0ee385\" data-element_type=\"widget\" data-e-type=\"widget\" data-widget_type=\"spacer.default\">\n\t\t\t\t<div class=\"elementor-widget-container\">\n\t\t\t\t\t\t\t<div class=\"elementor-spacer\">\n\t\t\t<div class=\"elementor-spacer-inner\"><\/div>\n\t\t<\/div>\n\t\t\t\t\t\t<\/div>\n\t\t\t\t<\/div>\n\t\t\t\t<div class=\"elementor-element elementor-element-14183ac elementor-widget elementor-widget-spacer\" data-id=\"14183ac\" data-element_type=\"widget\" data-e-type=\"widget\" data-widget_type=\"spacer.default\">\n\t\t\t\t<div class=\"elementor-widget-container\">\n\t\t\t\t\t\t\t<div class=\"elementor-spacer\">\n\t\t\t<div class=\"elementor-spacer-inner\"><\/div>\n\t\t<\/div>\n\t\t\t\t\t\t<\/div>\n\t\t\t\t<\/div>\n\t\t\t\t\t<\/div>\n\t\t<\/div>\n\t\t\t\t\t<\/div>\n\t\t<\/section>\n\t\t\t\t<\/div>\n\t\t","protected":false},"excerpt":{"rendered":"<p>Actualit\u00e9s de la th\u00e9matique de l&#8217;\u00e9conomie circulaire Economie circulaire MED-InA 2022: une ann\u00e9e cruciale pour consolider un socle Z\u00e9ro D\u00e9chet dans 3 villes m\u00e9diterran\u00e9ennes MED-InA 2022: une ann\u00e9e cruciale&#8230; Lire f\u00e9vrier 11, 2022 Economie circulaire Intervention du Directeur g\u00e9n\u00e9ral de l\u2019AVITEM dans le cadre d\u2019un webinaire du 03\/06\/21 sur la th\u00e9matique des\u00a0d\u00e9chets en\u00a0M\u00e9diterran\u00e9e. A l\u2019heure &hellip; <\/p>\n<p class=\"link-more\"><a href=\"https:\/\/avitem.fr\/en\/circular-economy\" class=\"more-link\">Read more<span class=\"screen-reader-text\"> &#8220;Circular economy&#8221;<\/span><\/a><\/p>\n","protected":false},"author":1,"featured_media":0,"parent":0,"menu_order":0,"comment_status":"closed","ping_status":"closed","template":"","meta":{"_monsterinsights_skip_tracking":false,"_monsterinsights_sitenote_active":false,"_monsterinsights_sitenote_note":"","_monsterinsights_sitenote_category":0,"inspiro_hide_title":false,"footnotes":""},"class_list":["post-10389","page","type-page","status-publish","hentry"],"yoast_head":"<!-- This site is optimized with the Yoast SEO plugin v27.3 - https:\/\/yoast.com\/product\/yoast-seo-wordpress\/ -->\n<title>AVITEM thematic Circular Economy<\/title>\n<meta name=\"description\" content=\"AVITEM circular economy theme - Health, discover the news and resources of AVITEM circular economy theme\" \/>\n<meta name=\"robots\" content=\"index, follow, max-snippet:-1, max-image-preview:large, max-video-preview:-1\" \/>\n<link rel=\"canonical\" href=\"https:\/\/avitem.fr\/en\/circular-economy\" \/>\n<meta property=\"og:locale\" content=\"en_US\" \/>\n<meta property=\"og:type\" content=\"article\" \/>\n<meta property=\"og:title\" content=\"AVITEM thematic Circular Economy\" \/>\n<meta property=\"og:description\" content=\"AVITEM circular economy theme - Health, discover the news and resources of AVITEM circular economy theme\" \/>\n<meta property=\"og:url\" content=\"https:\/\/avitem.fr\/en\/circular-economy\" \/>\n<meta property=\"og:site_name\" content=\"Avitem\" \/>\n<meta property=\"article:modified_time\" content=\"2023-04-06T20:55:02+00:00\" \/>\n<meta property=\"og:image\" content=\"https:\/\/avitem.fr\/wp-content\/uploads\/2022\/02\/recycled-paper-840x620-840x620.jpeg\" \/>\n<meta name=\"twitter:card\" content=\"summary_large_image\" \/>\n<script type=\"application\/ld+json\" class=\"yoast-schema-graph\">{\"@context\":\"https:\\\/\\\/schema.org\",\"@graph\":[{\"@type\":\"WebPage\",\"@id\":\"https:\\\/\\\/avitem.fr\\\/en\\\/circular-economy\",\"url\":\"https:\\\/\\\/avitem.fr\\\/en\\\/circular-economy\",\"name\":\"AVITEM thematic Circular Economy\",\"isPartOf\":{\"@id\":\"https:\\\/\\\/avitem.fr\\\/en#website\"},\"primaryImageOfPage\":{\"@id\":\"https:\\\/\\\/avitem.fr\\\/en\\\/circular-economy#primaryimage\"},\"image\":{\"@id\":\"https:\\\/\\\/avitem.fr\\\/en\\\/circular-economy#primaryimage\"},\"thumbnailUrl\":\"https:\\\/\\\/avitem.fr\\\/wp-content\\\/uploads\\\/2022\\\/02\\\/recycled-paper-840x620-840x620.jpeg\",\"datePublished\":\"2022-02-11T18:18:13+00:00\",\"dateModified\":\"2023-04-06T20:55:02+00:00\",\"description\":\"AVITEM circular economy theme - Health, discover the news and resources of AVITEM circular economy theme\",\"breadcrumb\":{\"@id\":\"https:\\\/\\\/avitem.fr\\\/en\\\/circular-economy#breadcrumb\"},\"inLanguage\":\"en-US\",\"potentialAction\":[{\"@type\":\"ReadAction\",\"target\":[\"https:\\\/\\\/avitem.fr\\\/en\\\/circular-economy\"]}]},{\"@type\":\"ImageObject\",\"inLanguage\":\"en-US\",\"@id\":\"https:\\\/\\\/avitem.fr\\\/en\\\/circular-economy#primaryimage\",\"url\":\"https:\\\/\\\/avitem.fr\\\/wp-content\\\/uploads\\\/2022\\\/02\\\/recycled-paper-840x620-840x620.jpeg\",\"contentUrl\":\"https:\\\/\\\/avitem.fr\\\/wp-content\\\/uploads\\\/2022\\\/02\\\/recycled-paper-840x620-840x620.jpeg\"},{\"@type\":\"BreadcrumbList\",\"@id\":\"https:\\\/\\\/avitem.fr\\\/en\\\/circular-economy#breadcrumb\",\"itemListElement\":[{\"@type\":\"ListItem\",\"position\":1,\"name\":\"Accueil\",\"item\":\"https:\\\/\\\/avitem.fr\\\/en\"},{\"@type\":\"ListItem\",\"position\":2,\"name\":\"Circular economy\"}]},{\"@type\":\"WebSite\",\"@id\":\"https:\\\/\\\/avitem.fr\\\/en#website\",\"url\":\"https:\\\/\\\/avitem.fr\\\/en\",\"name\":\"Avitem\",\"description\":\"L\u2019Agence des Villes et Territoires M\u00e9diterran\u00e9ens Durables\",\"publisher\":{\"@id\":\"https:\\\/\\\/avitem.fr\\\/en#organization\"},\"potentialAction\":[{\"@type\":\"SearchAction\",\"target\":{\"@type\":\"EntryPoint\",\"urlTemplate\":\"https:\\\/\\\/avitem.fr\\\/en?s={search_term_string}\"},\"query-input\":{\"@type\":\"PropertyValueSpecification\",\"valueRequired\":true,\"valueName\":\"search_term_string\"}}],\"inLanguage\":\"en-US\"},{\"@type\":\"Organization\",\"@id\":\"https:\\\/\\\/avitem.fr\\\/en#organization\",\"name\":\"Avitem\",\"url\":\"https:\\\/\\\/avitem.fr\\\/en\",\"logo\":{\"@type\":\"ImageObject\",\"inLanguage\":\"en-US\",\"@id\":\"https:\\\/\\\/avitem.fr\\\/en#\\\/schema\\\/logo\\\/image\\\/\",\"url\":\"https:\\\/\\\/avitem.fr\\\/wp-content\\\/uploads\\\/2021\\\/08\\\/logo-Avitem-internet.jpg\",\"contentUrl\":\"https:\\\/\\\/avitem.fr\\\/wp-content\\\/uploads\\\/2021\\\/08\\\/logo-Avitem-internet.jpg\",\"width\":300,\"height\":53,\"caption\":\"Avitem\"},\"image\":{\"@id\":\"https:\\\/\\\/avitem.fr\\\/en#\\\/schema\\\/logo\\\/image\\\/\"}}]}<\/script>\n<!-- \/ Yoast SEO plugin. -->","yoast_head_json":{"title":"AVITEM thematic Circular Economy","description":"AVITEM circular economy theme - Health, discover the news and resources of AVITEM circular economy theme","robots":{"index":"index","follow":"follow","max-snippet":"max-snippet:-1","max-image-preview":"max-image-preview:large","max-video-preview":"max-video-preview:-1"},"canonical":"https:\/\/avitem.fr\/en\/circular-economy","og_locale":"en_US","og_type":"article","og_title":"AVITEM thematic Circular Economy","og_description":"AVITEM circular economy theme - Health, discover the news and resources of AVITEM circular economy theme","og_url":"https:\/\/avitem.fr\/en\/circular-economy","og_site_name":"Avitem","article_modified_time":"2023-04-06T20:55:02+00:00","og_image":[{"url":"https:\/\/avitem.fr\/wp-content\/uploads\/2022\/02\/recycled-paper-840x620-840x620.jpeg","type":"","width":"","height":""}],"twitter_card":"summary_large_image","schema":{"@context":"https:\/\/schema.org","@graph":[{"@type":"WebPage","@id":"https:\/\/avitem.fr\/en\/circular-economy","url":"https:\/\/avitem.fr\/en\/circular-economy","name":"AVITEM thematic Circular Economy","isPartOf":{"@id":"https:\/\/avitem.fr\/en#website"},"primaryImageOfPage":{"@id":"https:\/\/avitem.fr\/en\/circular-economy#primaryimage"},"image":{"@id":"https:\/\/avitem.fr\/en\/circular-economy#primaryimage"},"thumbnailUrl":"https:\/\/avitem.fr\/wp-content\/uploads\/2022\/02\/recycled-paper-840x620-840x620.jpeg","datePublished":"2022-02-11T18:18:13+00:00","dateModified":"2023-04-06T20:55:02+00:00","description":"AVITEM circular economy theme - Health, discover the news and resources of AVITEM circular economy theme","breadcrumb":{"@id":"https:\/\/avitem.fr\/en\/circular-economy#breadcrumb"},"inLanguage":"en-US","potentialAction":[{"@type":"ReadAction","target":["https:\/\/avitem.fr\/en\/circular-economy"]}]},{"@type":"ImageObject","inLanguage":"en-US","@id":"https:\/\/avitem.fr\/en\/circular-economy#primaryimage","url":"https:\/\/avitem.fr\/wp-content\/uploads\/2022\/02\/recycled-paper-840x620-840x620.jpeg","contentUrl":"https:\/\/avitem.fr\/wp-content\/uploads\/2022\/02\/recycled-paper-840x620-840x620.jpeg"},{"@type":"BreadcrumbList","@id":"https:\/\/avitem.fr\/en\/circular-economy#breadcrumb","itemListElement":[{"@type":"ListItem","position":1,"name":"Accueil","item":"https:\/\/avitem.fr\/en"},{"@type":"ListItem","position":2,"name":"Circular economy"}]},{"@type":"WebSite","@id":"https:\/\/avitem.fr\/en#website","url":"https:\/\/avitem.fr\/en","name":"Avitem","description":"L\u2019Agence des Villes et Territoires M\u00e9diterran\u00e9ens Durables","publisher":{"@id":"https:\/\/avitem.fr\/en#organization"},"potentialAction":[{"@type":"SearchAction","target":{"@type":"EntryPoint","urlTemplate":"https:\/\/avitem.fr\/en?s={search_term_string}"},"query-input":{"@type":"PropertyValueSpecification","valueRequired":true,"valueName":"search_term_string"}}],"inLanguage":"en-US"},{"@type":"Organization","@id":"https:\/\/avitem.fr\/en#organization","name":"Avitem","url":"https:\/\/avitem.fr\/en","logo":{"@type":"ImageObject","inLanguage":"en-US","@id":"https:\/\/avitem.fr\/en#\/schema\/logo\/image\/","url":"https:\/\/avitem.fr\/wp-content\/uploads\/2021\/08\/logo-Avitem-internet.jpg","contentUrl":"https:\/\/avitem.fr\/wp-content\/uploads\/2021\/08\/logo-Avitem-internet.jpg","width":300,"height":53,"caption":"Avitem"},"image":{"@id":"https:\/\/avitem.fr\/en#\/schema\/logo\/image\/"}}]}},"_links":{"self":[{"href":"https:\/\/avitem.fr\/en\/wp-json\/wp\/v2\/pages\/10389","targetHints":{"allow":["GET"]}}],"collection":[{"href":"https:\/\/avitem.fr\/en\/wp-json\/wp\/v2\/pages"}],"about":[{"href":"https:\/\/avitem.fr\/en\/wp-json\/wp\/v2\/types\/page"}],"author":[{"embeddable":true,"href":"https:\/\/avitem.fr\/en\/wp-json\/wp\/v2\/users\/1"}],"replies":[{"embeddable":true,"href":"https:\/\/avitem.fr\/en\/wp-json\/wp\/v2\/comments?post=10389"}],"version-history":[{"count":0,"href":"https:\/\/avitem.fr\/en\/wp-json\/wp\/v2\/pages\/10389\/revisions"}],"wp:attachment":[{"href":"https:\/\/avitem.fr\/en\/wp-json\/wp\/v2\/media?parent=10389"}],"curies":[{"name":"wp","href":"https:\/\/api.w.org\/{rel}","templated":true}]}}