{"id":11132,"date":"2019-11-04T12:16:17","date_gmt":"2019-11-04T12:16:17","guid":{"rendered":"https:\/\/avitem.fr\/avitem-news-2"},"modified":"2023-05-17T17:21:47","modified_gmt":"2023-05-17T17:21:47","slug":"avitem-news-2","status":"publish","type":"page","link":"https:\/\/avitem.fr\/en\/avitem-news-2","title":{"rendered":"AVITEM news"},"content":{"rendered":"\t\t<div data-elementor-type=\"wp-page\" data-elementor-id=\"11132\" class=\"elementor elementor-11132 elementor-10405\" data-elementor-post-type=\"page\">\n\t\t\t\t\t\t<section class=\"elementor-section elementor-top-section elementor-element elementor-element-7891677 elementor-section-boxed elementor-section-height-default elementor-section-height-default\" data-id=\"7891677\" data-element_type=\"section\" data-e-type=\"section\">\n\t\t\t\t\t\t<div class=\"elementor-container elementor-column-gap-default\">\n\t\t\t\t\t<div class=\"elementor-column elementor-col-100 elementor-top-column elementor-element elementor-element-a5c1236\" data-id=\"a5c1236\" data-element_type=\"column\" data-e-type=\"column\">\n\t\t\t<div class=\"elementor-widget-wrap\">\n\t\t\t\t\t\t\t<\/div>\n\t\t<\/div>\n\t\t\t\t\t<\/div>\n\t\t<\/section>\n\t\t\t\t<section class=\"elementor-section elementor-top-section elementor-element elementor-element-fa1ec44 elementor-section-boxed elementor-section-height-default elementor-section-height-default\" data-id=\"fa1ec44\" data-element_type=\"section\" data-e-type=\"section\">\n\t\t\t\t\t\t<div class=\"elementor-container elementor-column-gap-default\">\n\t\t\t\t\t<div class=\"elementor-column elementor-col-100 elementor-top-column elementor-element elementor-element-99b9c19\" data-id=\"99b9c19\" data-element_type=\"column\" data-e-type=\"column\">\n\t\t\t<div class=\"elementor-widget-wrap elementor-element-populated\">\n\t\t\t\t\t\t<div class=\"elementor-element elementor-element-e16e9b0 elementor-widget elementor-widget-spacer\" data-id=\"e16e9b0\" data-element_type=\"widget\" data-e-type=\"widget\" data-widget_type=\"spacer.default\">\n\t\t\t\t<div class=\"elementor-widget-container\">\n\t\t\t\t\t\t\t<div class=\"elementor-spacer\">\n\t\t\t<div class=\"elementor-spacer-inner\"><\/div>\n\t\t<\/div>\n\t\t\t\t\t\t<\/div>\n\t\t\t\t<\/div>\n\t\t\t\t\t<\/div>\n\t\t<\/div>\n\t\t\t\t\t<\/div>\n\t\t<\/section>\n\t\t\t\t<\/div>\n\t\t","protected":false},"excerpt":{"rendered":"<p>Gouvernance MOBILISATION FACE AUX INCENDIES EN MEDITERRANEE avitemadmin novembre 4, 2019 R\u00e9silience territoriale Manuel des bonnes pratiques pour la r\u00e9silience urbaine avitemadmin novembre 4, 2019 Gouvernance Adh\u00e9sion de la Collectivit\u00e9 de Corse \u00e0 l&#8217;AVITEM avitemadmin novembre 4, 2019 Gouvernance Philippe Meunier, nouveau Directeur g\u00e9n\u00e9ral de l&#8217;Agence des Villes et Territoires M\u00e9diterran\u00e9ens Durables (AViTeM) article mars &hellip; <\/p>\n<p class=\"link-more\"><a href=\"https:\/\/avitem.fr\/en\/avitem-news-2\" class=\"more-link\">Read more<span class=\"screen-reader-text\"> &#8220;AVITEM news&#8221;<\/span><\/a><\/p>\n","protected":false},"author":1,"featured_media":0,"parent":0,"menu_order":0,"comment_status":"closed","ping_status":"closed","template":"","meta":{"_monsterinsights_skip_tracking":false,"_monsterinsights_sitenote_active":false,"_monsterinsights_sitenote_note":"","_monsterinsights_sitenote_category":0,"inspiro_hide_title":false,"footnotes":""},"class_list":["post-11132","page","type-page","status-publish","hentry"],"yoast_head":"<!-- This site is optimized with the Yoast SEO plugin v27.4 - https:\/\/yoast.com\/product\/yoast-seo-wordpress\/ -->\n<title>AVITEM news - Avitem<\/title>\n<meta name=\"robots\" content=\"index, follow, max-snippet:-1, max-image-preview:large, max-video-preview:-1\" \/>\n<link rel=\"canonical\" href=\"https:\/\/avitem.fr\/en\/avitem-news-2\" \/>\n<meta property=\"og:locale\" content=\"en_US\" \/>\n<meta property=\"og:type\" content=\"article\" \/>\n<meta property=\"og:title\" content=\"AVITEM news - Avitem\" \/>\n<meta property=\"og:description\" content=\"Gouvernance MOBILISATION FACE AUX INCENDIES EN MEDITERRANEE avitemadmin novembre 4, 2019 R\u00e9silience territoriale Manuel des bonnes pratiques pour la r\u00e9silience urbaine avitemadmin novembre 4, 2019 Gouvernance Adh\u00e9sion de la Collectivit\u00e9 de Corse \u00e0 l&#8217;AVITEM avitemadmin novembre 4, 2019 Gouvernance Philippe Meunier, nouveau Directeur g\u00e9n\u00e9ral de l&#8217;Agence des Villes et Territoires M\u00e9diterran\u00e9ens Durables (AViTeM) article mars &hellip; Read more &quot;AVITEM news&quot;\" \/>\n<meta property=\"og:url\" content=\"https:\/\/avitem.fr\/en\/avitem-news-2\" \/>\n<meta property=\"og:site_name\" content=\"Avitem\" \/>\n<meta property=\"article:modified_time\" content=\"2023-05-17T17:21:47+00:00\" \/>\n<meta property=\"og:image\" content=\"https:\/\/avitem.fr\/wp-content\/uploads\/2019\/11\/incendie-finlande-26-juillet-2021-25542c-0@1x-840x620-840x620.jpeg\" \/>\n<meta name=\"twitter:card\" content=\"summary_large_image\" \/>\n<meta name=\"twitter:label1\" content=\"Est. reading time\" \/>\n\t<meta name=\"twitter:data1\" content=\"1 minute\" \/>\n<script type=\"application\/ld+json\" class=\"yoast-schema-graph\">{\"@context\":\"https:\\\/\\\/schema.org\",\"@graph\":[{\"@type\":\"WebPage\",\"@id\":\"https:\\\/\\\/avitem.fr\\\/en\\\/avitem-news-2\",\"url\":\"https:\\\/\\\/avitem.fr\\\/en\\\/avitem-news-2\",\"name\":\"AVITEM news - Avitem\",\"isPartOf\":{\"@id\":\"https:\\\/\\\/avitem.fr\\\/en#website\"},\"primaryImageOfPage\":{\"@id\":\"https:\\\/\\\/avitem.fr\\\/en\\\/avitem-news-2#primaryimage\"},\"image\":{\"@id\":\"https:\\\/\\\/avitem.fr\\\/en\\\/avitem-news-2#primaryimage\"},\"thumbnailUrl\":\"https:\\\/\\\/avitem.fr\\\/wp-content\\\/uploads\\\/2019\\\/11\\\/incendie-finlande-26-juillet-2021-25542c-0@1x-840x620-840x620.jpeg\",\"datePublished\":\"2019-11-04T12:16:17+00:00\",\"dateModified\":\"2023-05-17T17:21:47+00:00\",\"breadcrumb\":{\"@id\":\"https:\\\/\\\/avitem.fr\\\/en\\\/avitem-news-2#breadcrumb\"},\"inLanguage\":\"en-US\",\"potentialAction\":[{\"@type\":\"ReadAction\",\"target\":[\"https:\\\/\\\/avitem.fr\\\/en\\\/avitem-news-2\"]}]},{\"@type\":\"ImageObject\",\"inLanguage\":\"en-US\",\"@id\":\"https:\\\/\\\/avitem.fr\\\/en\\\/avitem-news-2#primaryimage\",\"url\":\"https:\\\/\\\/avitem.fr\\\/wp-content\\\/uploads\\\/2019\\\/11\\\/incendie-finlande-26-juillet-2021-25542c-0@1x-840x620-840x620.jpeg\",\"contentUrl\":\"https:\\\/\\\/avitem.fr\\\/wp-content\\\/uploads\\\/2019\\\/11\\\/incendie-finlande-26-juillet-2021-25542c-0@1x-840x620-840x620.jpeg\"},{\"@type\":\"BreadcrumbList\",\"@id\":\"https:\\\/\\\/avitem.fr\\\/en\\\/avitem-news-2#breadcrumb\",\"itemListElement\":[{\"@type\":\"ListItem\",\"position\":1,\"name\":\"Accueil\",\"item\":\"https:\\\/\\\/avitem.fr\\\/en\"},{\"@type\":\"ListItem\",\"position\":2,\"name\":\"AVITEM news\"}]},{\"@type\":\"WebSite\",\"@id\":\"https:\\\/\\\/avitem.fr\\\/en#website\",\"url\":\"https:\\\/\\\/avitem.fr\\\/en\",\"name\":\"Avitem\",\"description\":\"L\u2019Agence des Villes et Territoires M\u00e9diterran\u00e9ens Durables\",\"publisher\":{\"@id\":\"https:\\\/\\\/avitem.fr\\\/en#organization\"},\"potentialAction\":[{\"@type\":\"SearchAction\",\"target\":{\"@type\":\"EntryPoint\",\"urlTemplate\":\"https:\\\/\\\/avitem.fr\\\/en?s={search_term_string}\"},\"query-input\":{\"@type\":\"PropertyValueSpecification\",\"valueRequired\":true,\"valueName\":\"search_term_string\"}}],\"inLanguage\":\"en-US\"},{\"@type\":\"Organization\",\"@id\":\"https:\\\/\\\/avitem.fr\\\/en#organization\",\"name\":\"Avitem\",\"url\":\"https:\\\/\\\/avitem.fr\\\/en\",\"logo\":{\"@type\":\"ImageObject\",\"inLanguage\":\"en-US\",\"@id\":\"https:\\\/\\\/avitem.fr\\\/en#\\\/schema\\\/logo\\\/image\\\/\",\"url\":\"https:\\\/\\\/avitem.fr\\\/wp-content\\\/uploads\\\/2021\\\/08\\\/logo-Avitem-internet.jpg\",\"contentUrl\":\"https:\\\/\\\/avitem.fr\\\/wp-content\\\/uploads\\\/2021\\\/08\\\/logo-Avitem-internet.jpg\",\"width\":300,\"height\":53,\"caption\":\"Avitem\"},\"image\":{\"@id\":\"https:\\\/\\\/avitem.fr\\\/en#\\\/schema\\\/logo\\\/image\\\/\"}}]}<\/script>\n<!-- \/ Yoast SEO plugin. -->","yoast_head_json":{"title":"AVITEM news - Avitem","robots":{"index":"index","follow":"follow","max-snippet":"max-snippet:-1","max-image-preview":"max-image-preview:large","max-video-preview":"max-video-preview:-1"},"canonical":"https:\/\/avitem.fr\/en\/avitem-news-2","og_locale":"en_US","og_type":"article","og_title":"AVITEM news - Avitem","og_description":"Gouvernance MOBILISATION FACE AUX INCENDIES EN MEDITERRANEE avitemadmin novembre 4, 2019 R\u00e9silience territoriale Manuel des bonnes pratiques pour la r\u00e9silience urbaine avitemadmin novembre 4, 2019 Gouvernance Adh\u00e9sion de la Collectivit\u00e9 de Corse \u00e0 l&#8217;AVITEM avitemadmin novembre 4, 2019 Gouvernance Philippe Meunier, nouveau Directeur g\u00e9n\u00e9ral de l&#8217;Agence des Villes et Territoires M\u00e9diterran\u00e9ens Durables (AViTeM) article mars &hellip; Read more \"AVITEM news\"","og_url":"https:\/\/avitem.fr\/en\/avitem-news-2","og_site_name":"Avitem","article_modified_time":"2023-05-17T17:21:47+00:00","og_image":[{"url":"https:\/\/avitem.fr\/wp-content\/uploads\/2019\/11\/incendie-finlande-26-juillet-2021-25542c-0@1x-840x620-840x620.jpeg","type":"","width":"","height":""}],"twitter_card":"summary_large_image","twitter_misc":{"Est. reading time":"1 minute"},"schema":{"@context":"https:\/\/schema.org","@graph":[{"@type":"WebPage","@id":"https:\/\/avitem.fr\/en\/avitem-news-2","url":"https:\/\/avitem.fr\/en\/avitem-news-2","name":"AVITEM news - Avitem","isPartOf":{"@id":"https:\/\/avitem.fr\/en#website"},"primaryImageOfPage":{"@id":"https:\/\/avitem.fr\/en\/avitem-news-2#primaryimage"},"image":{"@id":"https:\/\/avitem.fr\/en\/avitem-news-2#primaryimage"},"thumbnailUrl":"https:\/\/avitem.fr\/wp-content\/uploads\/2019\/11\/incendie-finlande-26-juillet-2021-25542c-0@1x-840x620-840x620.jpeg","datePublished":"2019-11-04T12:16:17+00:00","dateModified":"2023-05-17T17:21:47+00:00","breadcrumb":{"@id":"https:\/\/avitem.fr\/en\/avitem-news-2#breadcrumb"},"inLanguage":"en-US","potentialAction":[{"@type":"ReadAction","target":["https:\/\/avitem.fr\/en\/avitem-news-2"]}]},{"@type":"ImageObject","inLanguage":"en-US","@id":"https:\/\/avitem.fr\/en\/avitem-news-2#primaryimage","url":"https:\/\/avitem.fr\/wp-content\/uploads\/2019\/11\/incendie-finlande-26-juillet-2021-25542c-0@1x-840x620-840x620.jpeg","contentUrl":"https:\/\/avitem.fr\/wp-content\/uploads\/2019\/11\/incendie-finlande-26-juillet-2021-25542c-0@1x-840x620-840x620.jpeg"},{"@type":"BreadcrumbList","@id":"https:\/\/avitem.fr\/en\/avitem-news-2#breadcrumb","itemListElement":[{"@type":"ListItem","position":1,"name":"Accueil","item":"https:\/\/avitem.fr\/en"},{"@type":"ListItem","position":2,"name":"AVITEM news"}]},{"@type":"WebSite","@id":"https:\/\/avitem.fr\/en#website","url":"https:\/\/avitem.fr\/en","name":"Avitem","description":"L\u2019Agence des Villes et Territoires M\u00e9diterran\u00e9ens Durables","publisher":{"@id":"https:\/\/avitem.fr\/en#organization"},"potentialAction":[{"@type":"SearchAction","target":{"@type":"EntryPoint","urlTemplate":"https:\/\/avitem.fr\/en?s={search_term_string}"},"query-input":{"@type":"PropertyValueSpecification","valueRequired":true,"valueName":"search_term_string"}}],"inLanguage":"en-US"},{"@type":"Organization","@id":"https:\/\/avitem.fr\/en#organization","name":"Avitem","url":"https:\/\/avitem.fr\/en","logo":{"@type":"ImageObject","inLanguage":"en-US","@id":"https:\/\/avitem.fr\/en#\/schema\/logo\/image\/","url":"https:\/\/avitem.fr\/wp-content\/uploads\/2021\/08\/logo-Avitem-internet.jpg","contentUrl":"https:\/\/avitem.fr\/wp-content\/uploads\/2021\/08\/logo-Avitem-internet.jpg","width":300,"height":53,"caption":"Avitem"},"image":{"@id":"https:\/\/avitem.fr\/en#\/schema\/logo\/image\/"}}]}},"_links":{"self":[{"href":"https:\/\/avitem.fr\/en\/wp-json\/wp\/v2\/pages\/11132","targetHints":{"allow":["GET"]}}],"collection":[{"href":"https:\/\/avitem.fr\/en\/wp-json\/wp\/v2\/pages"}],"about":[{"href":"https:\/\/avitem.fr\/en\/wp-json\/wp\/v2\/types\/page"}],"author":[{"embeddable":true,"href":"https:\/\/avitem.fr\/en\/wp-json\/wp\/v2\/users\/1"}],"replies":[{"embeddable":true,"href":"https:\/\/avitem.fr\/en\/wp-json\/wp\/v2\/comments?post=11132"}],"version-history":[{"count":1,"href":"https:\/\/avitem.fr\/en\/wp-json\/wp\/v2\/pages\/11132\/revisions"}],"predecessor-version":[{"id":11133,"href":"https:\/\/avitem.fr\/en\/wp-json\/wp\/v2\/pages\/11132\/revisions\/11133"}],"wp:attachment":[{"href":"https:\/\/avitem.fr\/en\/wp-json\/wp\/v2\/media?parent=11132"}],"curies":[{"name":"wp","href":"https:\/\/api.w.org\/{rel}","templated":true}]}}