{"id":18502,"date":"2025-02-27T12:57:01","date_gmt":"2025-02-27T12:57:01","guid":{"rendered":"https:\/\/avitem.fr\/atelier-unoc-dalexandrie"},"modified":"2025-03-07T10:59:00","modified_gmt":"2025-03-07T10:59:00","slug":"atelier-unoc-alexandrie","status":"publish","type":"page","link":"https:\/\/avitem.fr\/en\/atelier-unoc-alexandrie","title":{"rendered":"ATELIER UNOC d\u2019Alexandrie"},"content":{"rendered":"\t\t<div data-elementor-type=\"wp-page\" data-elementor-id=\"18502\" class=\"elementor elementor-18502 elementor-18083\" data-elementor-post-type=\"page\">\n\t\t\t\t\t\t<section class=\"elementor-section elementor-top-section elementor-element elementor-element-aced259 elementor-section-boxed elementor-section-height-default elementor-section-height-default\" data-id=\"aced259\" data-element_type=\"section\" data-e-type=\"section\">\n\t\t\t\t\t\t<div class=\"elementor-container elementor-column-gap-default\">\n\t\t\t\t\t<div class=\"elementor-column elementor-col-100 elementor-top-column elementor-element elementor-element-21de428\" data-id=\"21de428\" data-element_type=\"column\" data-e-type=\"column\">\n\t\t\t<div class=\"elementor-widget-wrap elementor-element-populated\">\n\t\t\t\t\t\t<div class=\"elementor-element elementor-element-a26add7 elementor-widget elementor-widget-image\" data-id=\"a26add7\" data-element_type=\"widget\" data-e-type=\"widget\" data-widget_type=\"image.default\">\n\t\t\t\t<div class=\"elementor-widget-container\">\n\t\t\t\t\t\t\t\t\t\t\t\t\t\t\t<img fetchpriority=\"high\" decoding=\"async\" width=\"950\" height=\"499\" src=\"https:\/\/avitem.fr\/wp-content\/uploads\/2025\/02\/UNOC-alexandrie-1024x538.png\" class=\"attachment-large size-large wp-image-18086\" alt=\"\" srcset=\"https:\/\/avitem.fr\/wp-content\/uploads\/2025\/02\/UNOC-alexandrie-1024x538.png 1024w, https:\/\/avitem.fr\/wp-content\/uploads\/2025\/02\/UNOC-alexandrie-300x158.png 300w, https:\/\/avitem.fr\/wp-content\/uploads\/2025\/02\/UNOC-alexandrie.png 1200w\" sizes=\"100vw\" \/>\t\t\t\t\t\t\t\t\t\t\t\t\t\t\t<\/div>\n\t\t\t\t<\/div>\n\t\t\t\t\t<\/div>\n\t\t<\/div>\n\t\t\t\t\t<\/div>\n\t\t<\/section>\n\t\t\t\t<section class=\"elementor-section elementor-top-section elementor-element elementor-element-2437abc4 elementor-section-boxed elementor-section-height-default elementor-section-height-default\" data-id=\"2437abc4\" data-element_type=\"section\" data-e-type=\"section\">\n\t\t\t\t\t\t<div class=\"elementor-container elementor-column-gap-default\">\n\t\t\t\t\t<div class=\"elementor-column elementor-col-100 elementor-top-column elementor-element elementor-element-597cadb8\" data-id=\"597cadb8\" data-element_type=\"column\" data-e-type=\"column\">\n\t\t\t<div class=\"elementor-widget-wrap elementor-element-populated\">\n\t\t\t\t\t\t<div class=\"elementor-element elementor-element-2a93572f elementor-widget elementor-widget-text-editor\" data-id=\"2a93572f\" data-element_type=\"widget\" data-e-type=\"widget\" data-widget_type=\"text-editor.default\">\n\t\t\t\t<div class=\"elementor-widget-container\">\n\t\t\t\t\t\t\t\t\t\n<h1><strong>ATELIER UNOC d\u2019Alexandrie &#8211; Gestion des risques li\u00e9s au changement climatique dans les villes c\u00f4ti\u00e8res<\/strong><\/h1>\n\t\t\t\t\t\t\t\t<\/div>\n\t\t\t\t<\/div>\n\t\t\t\t\t<\/div>\n\t\t<\/div>\n\t\t\t\t\t<\/div>\n\t\t<\/section>\n\t\t\t\t<section class=\"elementor-section elementor-top-section elementor-element elementor-element-07a4392 elementor-section-boxed elementor-section-height-default elementor-section-height-default\" data-id=\"07a4392\" data-element_type=\"section\" data-e-type=\"section\">\n\t\t\t\t\t\t<div class=\"elementor-container elementor-column-gap-default\">\n\t\t\t\t\t<div class=\"elementor-column elementor-col-100 elementor-top-column elementor-element elementor-element-556b15b\" data-id=\"556b15b\" data-element_type=\"column\" data-e-type=\"column\">\n\t\t\t<div class=\"elementor-widget-wrap elementor-element-populated\">\n\t\t\t\t\t\t<div class=\"elementor-element elementor-element-1b7bc1f elementor-widget elementor-widget-text-editor\" data-id=\"1b7bc1f\" data-element_type=\"widget\" data-e-type=\"widget\" data-widget_type=\"text-editor.default\">\n\t\t\t\t<div class=\"elementor-widget-container\">\n\t\t\t\t\t\t\t\t\t\n<p><strong>Une dynamique collective pour la gestion des risques littoraux et la r\u00e9silience des territoires m\u00e9diterran\u00e9ens face au changement climatique.<\/strong><\/p>\n<p>Le 17 octobre 2024, un atelier consacr\u00e9 aux risques li\u00e9s \u00e0 l\u2019eau et \u00e0 l\u2019adaptation des territoires c\u00f4tiers m\u00e9diterran\u00e9ens, s\u2019est d\u00e9roul\u00e9 dans le cadre prestigieux de la Biblioth\u00e8que d\u2019Alexandrie.<\/p>\n<p>La M\u00e9diterran\u00e9e subit une pression croissante due aux effets conjugu\u00e9s des pollutions (chimique, plastique en mer), du changement climatique et des risques c\u00f4tiers (\u00e9rosion, mont\u00e9e des eaux, salinisation, \u00e9v\u00e9nements climatiques extr\u00eames). La mont\u00e9e des temp\u00e9ratures (+1,5\u00b0C depuis l\u2019\u00e8re pr\u00e9industrielle) et du niveau de la mer (jusqu&#8217;\u00e0 +84 cm d\u2019ici 2100) menace la biodiversit\u00e9 et les populations. <\/p>\n<p>L\u2019AVITEM coordonne une d\u00e9marche d\u2019envergure, pour faire \u00e9merger une vision partag\u00e9e et mobilisatrice des acteurs M\u00e9diterran\u00e9ens, en partenariat avec un r\u00e9seau d\u2019experts, d\u2019universit\u00e9s et de chercheurs, Plan Bleu, la Commission Interm\u00e9diterran\u00e9enne de la Conf\u00e9rence des R\u00e9gions P\u00e9riph\u00e9riques Maritimes (CRPM), Mediterranean Experts on Climate and environmental Change (MedECC), l\u2019initiative Sea\u2019ties de Plateforme Oc\u00e9an &amp; Climat (POC), les quatre \u00e9coles d\u2019architecture du projet M\u00e9limed, l\u2019Institut de recherche pour le d\u00e9veloppement (IRD),<\/p>\n<p>L\u2019objectif est de construire une d\u00e9claration commune la \u00ab <strong>Voix des M\u00e9diterran\u00e9ennes et M\u00e9diterran\u00e9ens<\/strong> \u00bb, une s\u00e9rie de priorit\u00e9s pour le futur de la M\u00e9diterran\u00e9e, qui viendront nourrir la <strong>Coalition des villes littorales et r\u00e9gions c\u00f4ti\u00e8res du monde<\/strong> lors de la troisi\u00e8me <strong>Conf\u00e9rence des Nations Unies sur l\u2019Oc\u00e9an (UNOC 2025)<\/strong>.<\/p>\n<p>Le travail collectif engag\u00e9 lors de l\u2019atelier d\u2019Alexandrie s\u2019est structur\u00e9 autour de trois axes : \u00e9valuer les strat\u00e9gies locales et r\u00e9gionales de gestion int\u00e9gr\u00e9e des risques, \u00e9changer des bonnes pratiques d\u2019adaptation et r\u00e9silience, identifier des priorit\u00e9s d\u2019action collective \u00e0 l\u2019\u00e9chelle m\u00e9diterran\u00e9enne.<\/p>\n\t\t\t\t\t\t\t\t<\/div>\n\t\t\t\t<\/div>\n\t\t\t\t\t<\/div>\n\t\t<\/div>\n\t\t\t\t\t<\/div>\n\t\t<\/section>\n\t\t\t\t<section class=\"elementor-section elementor-top-section elementor-element elementor-element-cbbc5da elementor-section-boxed elementor-section-height-default elementor-section-height-default\" data-id=\"cbbc5da\" data-element_type=\"section\" data-e-type=\"section\">\n\t\t\t\t\t\t<div class=\"elementor-container elementor-column-gap-default\">\n\t\t\t\t\t<div class=\"elementor-column elementor-col-100 elementor-top-column elementor-element elementor-element-3586916\" data-id=\"3586916\" data-element_type=\"column\" data-e-type=\"column\">\n\t\t\t<div class=\"elementor-widget-wrap elementor-element-populated\">\n\t\t\t\t\t\t<div class=\"elementor-element elementor-element-3d21928 elementor-widget elementor-widget-text-editor\" data-id=\"3d21928\" data-element_type=\"widget\" data-e-type=\"widget\" data-widget_type=\"text-editor.default\">\n\t\t\t\t<div class=\"elementor-widget-container\">\n\t\t\t\t\t\t\t\t\t<h2><strong>D\u00e9claration d\u2019Alexandrie : un appel \u00e0 l\u2019action collective pour la M\u00e9diterran\u00e9e<\/strong><\/h2>\n\t\t\t\t\t\t\t\t<\/div>\n\t\t\t\t<\/div>\n\t\t\t\t\t<\/div>\n\t\t<\/div>\n\t\t\t\t\t<\/div>\n\t\t<\/section>\n\t\t\t\t<section class=\"elementor-section elementor-top-section elementor-element elementor-element-b48b5b1 elementor-section-boxed elementor-section-height-default elementor-section-height-default\" data-id=\"b48b5b1\" data-element_type=\"section\" data-e-type=\"section\">\n\t\t\t\t\t\t<div class=\"elementor-container elementor-column-gap-default\">\n\t\t\t\t\t<div class=\"elementor-column elementor-col-100 elementor-top-column elementor-element elementor-element-9f4b4c3\" data-id=\"9f4b4c3\" data-element_type=\"column\" data-e-type=\"column\">\n\t\t\t<div class=\"elementor-widget-wrap elementor-element-populated\">\n\t\t\t\t\t\t<div class=\"elementor-element elementor-element-4f5bd9d elementor-align-center elementor-widget elementor-widget-button\" data-id=\"4f5bd9d\" data-element_type=\"widget\" data-e-type=\"widget\" data-widget_type=\"button.default\">\n\t\t\t\t<div class=\"elementor-widget-container\">\n\t\t\t\t\t\t\t\t\t<div class=\"elementor-button-wrapper\">\n\t\t\t\t\t<a class=\"elementor-button elementor-button-link elementor-size-sm\" href=\"https:\/\/avitem.fr\/wp-content\/uploads\/2025\/02\/UNOC-atelier-declaration-alexandrie.pdf\">\n\t\t\t\t\t\t<span class=\"elementor-button-content-wrapper\">\n\t\t\t\t\t\t\t\t\t<span class=\"elementor-button-text\">D\u00e9claration d\u2019Alexandrie \u2013 Octobre 2024<\/span>\n\t\t\t\t\t<\/span>\n\t\t\t\t\t<\/a>\n\t\t\t\t<\/div>\n\t\t\t\t\t\t\t\t<\/div>\n\t\t\t\t<\/div>\n\t\t\t\t\t<\/div>\n\t\t<\/div>\n\t\t\t\t\t<\/div>\n\t\t<\/section>\n\t\t\t\t<section class=\"elementor-section elementor-top-section elementor-element elementor-element-1d72896 elementor-section-boxed elementor-section-height-default elementor-section-height-default\" data-id=\"1d72896\" data-element_type=\"section\" data-e-type=\"section\">\n\t\t\t\t\t\t<div class=\"elementor-container elementor-column-gap-default\">\n\t\t\t\t\t<div class=\"elementor-column elementor-col-100 elementor-top-column elementor-element elementor-element-b8fd519\" data-id=\"b8fd519\" data-element_type=\"column\" data-e-type=\"column\">\n\t\t\t<div class=\"elementor-widget-wrap elementor-element-populated\">\n\t\t\t\t\t\t<div class=\"elementor-element elementor-element-096f1f5 elementor-widget elementor-widget-text-editor\" data-id=\"096f1f5\" data-element_type=\"widget\" data-e-type=\"widget\" data-widget_type=\"text-editor.default\">\n\t\t\t\t<div class=\"elementor-widget-container\">\n\t\t\t\t\t\t\t\t\t<p>N\u2019empirons pas les situations de risques ! n\u2019\u00e9levons pas la vuln\u00e9rabilit\u00e9 de nos c\u00f4tes !<\/p>\n<p>Evitons de construire sur ces zones particuli\u00e8rement vuln\u00e9rables, d\u2019y placer des activit\u00e9s qui devront bient\u00f4t \u00eatre d\u00e9plac\u00e9es ou d\u2019inciter des populations \u00e0 y vivre dans un danger parfois peu visible mais bel et bien, et de plus en plus, r\u00e9el.<\/p>\n<h3 style=\"text-align: center;\">Axes d\u2019action prioritaires pour une M\u00e9diterran\u00e9e plus r\u00e9siliente<\/h3>\n<ul>\n<li><strong>Favoriser la connaissance et la sensibilisation aux deux \u00e9chelles, m\u00e9diterran\u00e9enne et locale : <\/strong>gr\u00e2ce \u00e0 l\u2019accessibilit\u00e9, au partage et \u00e0 la diss\u00e9mination des donn\u00e9es, pour l\u2019aide \u00e0 la d\u00e9cision et la prise de conscience de tous \u2013 en particulier avec la co-cr\u00e9ation d\u2019un \u00ab Atlas des risques en M\u00e9diterran\u00e9e \u00bb.<\/li>\n<li><strong>Placer le projet de territoire au c\u0153ur des strat\u00e9gies d\u2019adaptation : <\/strong>gr\u00e2ce \u00e0 une nouvelle culture du projet r\u00e9silient, et aux modes de gouvernance locale. Le projet r\u00e9silient doit n\u00e9cessairement se d\u00e9velopper dans un rapport plus respectueux avec la nature, et se composer de mesures adaptatives, proactives ou d\u00e9fensives. <\/li>\n<li><strong>Renforcer les financements : <\/strong>\u00e9tant donn\u00e9 le niveau colossal des co\u00fbts d\u2019ing\u00e9nierie, de travaux et d\u2019indemnisations, il est urgent d\u2019explorer de nouveaux mod\u00e8les financiers, en particulier de nouveaux mod\u00e8les assurantiels.<\/li>\n<li><strong>Connecter les \u00e9chelles de coop\u00e9ration : <\/strong>une gestion collective s\u2019impose, aux niveaux mondial, m\u00e9diterran\u00e9en et territorial, pour aborder des communs au-del\u00e0 des int\u00e9r\u00eats locaux.<\/li>\n<\/ul>\n\t\t\t\t\t\t\t\t<\/div>\n\t\t\t\t<\/div>\n\t\t\t\t\t<\/div>\n\t\t<\/div>\n\t\t\t\t\t<\/div>\n\t\t<\/section>\n\t\t\t\t<\/div>\n\t\t","protected":false},"excerpt":{"rendered":"<p>ATELIER UNOC d\u2019Alexandrie &#8211; Gestion des risques li\u00e9s au changement climatique dans les villes c\u00f4ti\u00e8res Une dynamique collective pour la gestion des risques littoraux et la r\u00e9silience des territoires m\u00e9diterran\u00e9ens face au changement climatique. Le 17 octobre 2024, un atelier consacr\u00e9 aux risques li\u00e9s \u00e0 l\u2019eau et \u00e0 l\u2019adaptation des territoires c\u00f4tiers m\u00e9diterran\u00e9ens, s\u2019est d\u00e9roul\u00e9 &hellip; <\/p>\n<p class=\"link-more\"><a href=\"https:\/\/avitem.fr\/en\/atelier-unoc-alexandrie\" class=\"more-link\">Read more<span class=\"screen-reader-text\"> &#8220;ATELIER UNOC d\u2019Alexandrie&#8221;<\/span><\/a><\/p>\n","protected":false},"author":1,"featured_media":0,"parent":0,"menu_order":0,"comment_status":"closed","ping_status":"closed","template":"elementor_header_footer","meta":{"_monsterinsights_skip_tracking":false,"_monsterinsights_sitenote_active":false,"_monsterinsights_sitenote_note":"","_monsterinsights_sitenote_category":0,"inspiro_hide_title":false,"footnotes":""},"class_list":["post-18502","page","type-page","status-publish","hentry"],"yoast_head":"<!-- This site is optimized with the Yoast SEO plugin v27.4 - https:\/\/yoast.com\/product\/yoast-seo-wordpress\/ -->\n<title>ATELIER UNOC d\u2019Alexandrie - Avitem<\/title>\n<meta name=\"robots\" content=\"index, follow, max-snippet:-1, max-image-preview:large, max-video-preview:-1\" \/>\n<link rel=\"canonical\" href=\"https:\/\/avitem.fr\/en\/atelier-unoc-alexandrie\" \/>\n<meta property=\"og:locale\" content=\"en_US\" \/>\n<meta property=\"og:type\" content=\"article\" \/>\n<meta property=\"og:title\" content=\"ATELIER UNOC d\u2019Alexandrie - Avitem\" \/>\n<meta property=\"og:description\" content=\"ATELIER UNOC d\u2019Alexandrie &#8211; Gestion des risques li\u00e9s au changement climatique dans les villes c\u00f4ti\u00e8res Une dynamique collective pour la gestion des risques littoraux et la r\u00e9silience des territoires m\u00e9diterran\u00e9ens face au changement climatique. Le 17 octobre 2024, un atelier consacr\u00e9 aux risques li\u00e9s \u00e0 l\u2019eau et \u00e0 l\u2019adaptation des territoires c\u00f4tiers m\u00e9diterran\u00e9ens, s\u2019est d\u00e9roul\u00e9 &hellip; Read more &quot;ATELIER UNOC d\u2019Alexandrie&quot;\" \/>\n<meta property=\"og:url\" content=\"https:\/\/avitem.fr\/en\/atelier-unoc-alexandrie\" \/>\n<meta property=\"og:site_name\" content=\"Avitem\" \/>\n<meta property=\"article:modified_time\" content=\"2025-03-07T10:59:00+00:00\" \/>\n<meta property=\"og:image\" content=\"https:\/\/avitem.fr\/wp-content\/uploads\/2025\/02\/UNOC-alexandrie-1024x538.png\" \/>\n<meta name=\"twitter:card\" content=\"summary_large_image\" \/>\n<meta name=\"twitter:label1\" content=\"Est. reading time\" \/>\n\t<meta name=\"twitter:data1\" content=\"3 minutes\" \/>\n<script type=\"application\/ld+json\" class=\"yoast-schema-graph\">{\"@context\":\"https:\\\/\\\/schema.org\",\"@graph\":[{\"@type\":\"WebPage\",\"@id\":\"https:\\\/\\\/avitem.fr\\\/en\\\/atelier-unoc-alexandrie\",\"url\":\"https:\\\/\\\/avitem.fr\\\/en\\\/atelier-unoc-alexandrie\",\"name\":\"ATELIER UNOC d\u2019Alexandrie - Avitem\",\"isPartOf\":{\"@id\":\"https:\\\/\\\/avitem.fr\\\/en#website\"},\"primaryImageOfPage\":{\"@id\":\"https:\\\/\\\/avitem.fr\\\/en\\\/atelier-unoc-alexandrie#primaryimage\"},\"image\":{\"@id\":\"https:\\\/\\\/avitem.fr\\\/en\\\/atelier-unoc-alexandrie#primaryimage\"},\"thumbnailUrl\":\"https:\\\/\\\/avitem.fr\\\/wp-content\\\/uploads\\\/2025\\\/02\\\/UNOC-alexandrie-1024x538.png\",\"datePublished\":\"2025-02-27T12:57:01+00:00\",\"dateModified\":\"2025-03-07T10:59:00+00:00\",\"breadcrumb\":{\"@id\":\"https:\\\/\\\/avitem.fr\\\/en\\\/atelier-unoc-alexandrie#breadcrumb\"},\"inLanguage\":\"en-US\",\"potentialAction\":[{\"@type\":\"ReadAction\",\"target\":[\"https:\\\/\\\/avitem.fr\\\/en\\\/atelier-unoc-alexandrie\"]}]},{\"@type\":\"ImageObject\",\"inLanguage\":\"en-US\",\"@id\":\"https:\\\/\\\/avitem.fr\\\/en\\\/atelier-unoc-alexandrie#primaryimage\",\"url\":\"https:\\\/\\\/avitem.fr\\\/wp-content\\\/uploads\\\/2025\\\/02\\\/UNOC-alexandrie-1024x538.png\",\"contentUrl\":\"https:\\\/\\\/avitem.fr\\\/wp-content\\\/uploads\\\/2025\\\/02\\\/UNOC-alexandrie-1024x538.png\"},{\"@type\":\"BreadcrumbList\",\"@id\":\"https:\\\/\\\/avitem.fr\\\/en\\\/atelier-unoc-alexandrie#breadcrumb\",\"itemListElement\":[{\"@type\":\"ListItem\",\"position\":1,\"name\":\"Accueil\",\"item\":\"https:\\\/\\\/avitem.fr\\\/en\"},{\"@type\":\"ListItem\",\"position\":2,\"name\":\"ATELIER UNOC d\u2019Alexandrie\"}]},{\"@type\":\"WebSite\",\"@id\":\"https:\\\/\\\/avitem.fr\\\/en#website\",\"url\":\"https:\\\/\\\/avitem.fr\\\/en\",\"name\":\"Avitem\",\"description\":\"L\u2019Agence des Villes et Territoires M\u00e9diterran\u00e9ens Durables\",\"publisher\":{\"@id\":\"https:\\\/\\\/avitem.fr\\\/en#organization\"},\"potentialAction\":[{\"@type\":\"SearchAction\",\"target\":{\"@type\":\"EntryPoint\",\"urlTemplate\":\"https:\\\/\\\/avitem.fr\\\/en?s={search_term_string}\"},\"query-input\":{\"@type\":\"PropertyValueSpecification\",\"valueRequired\":true,\"valueName\":\"search_term_string\"}}],\"inLanguage\":\"en-US\"},{\"@type\":\"Organization\",\"@id\":\"https:\\\/\\\/avitem.fr\\\/en#organization\",\"name\":\"Avitem\",\"url\":\"https:\\\/\\\/avitem.fr\\\/en\",\"logo\":{\"@type\":\"ImageObject\",\"inLanguage\":\"en-US\",\"@id\":\"https:\\\/\\\/avitem.fr\\\/en#\\\/schema\\\/logo\\\/image\\\/\",\"url\":\"https:\\\/\\\/avitem.fr\\\/wp-content\\\/uploads\\\/2021\\\/08\\\/logo-Avitem-internet.jpg\",\"contentUrl\":\"https:\\\/\\\/avitem.fr\\\/wp-content\\\/uploads\\\/2021\\\/08\\\/logo-Avitem-internet.jpg\",\"width\":300,\"height\":53,\"caption\":\"Avitem\"},\"image\":{\"@id\":\"https:\\\/\\\/avitem.fr\\\/en#\\\/schema\\\/logo\\\/image\\\/\"}}]}<\/script>\n<!-- \/ Yoast SEO plugin. -->","yoast_head_json":{"title":"ATELIER UNOC d\u2019Alexandrie - Avitem","robots":{"index":"index","follow":"follow","max-snippet":"max-snippet:-1","max-image-preview":"max-image-preview:large","max-video-preview":"max-video-preview:-1"},"canonical":"https:\/\/avitem.fr\/en\/atelier-unoc-alexandrie","og_locale":"en_US","og_type":"article","og_title":"ATELIER UNOC d\u2019Alexandrie - Avitem","og_description":"ATELIER UNOC d\u2019Alexandrie &#8211; Gestion des risques li\u00e9s au changement climatique dans les villes c\u00f4ti\u00e8res Une dynamique collective pour la gestion des risques littoraux et la r\u00e9silience des territoires m\u00e9diterran\u00e9ens face au changement climatique. Le 17 octobre 2024, un atelier consacr\u00e9 aux risques li\u00e9s \u00e0 l\u2019eau et \u00e0 l\u2019adaptation des territoires c\u00f4tiers m\u00e9diterran\u00e9ens, s\u2019est d\u00e9roul\u00e9 &hellip; Read more \"ATELIER UNOC d\u2019Alexandrie\"","og_url":"https:\/\/avitem.fr\/en\/atelier-unoc-alexandrie","og_site_name":"Avitem","article_modified_time":"2025-03-07T10:59:00+00:00","og_image":[{"url":"https:\/\/avitem.fr\/wp-content\/uploads\/2025\/02\/UNOC-alexandrie-1024x538.png","type":"","width":"","height":""}],"twitter_card":"summary_large_image","twitter_misc":{"Est. reading time":"3 minutes"},"schema":{"@context":"https:\/\/schema.org","@graph":[{"@type":"WebPage","@id":"https:\/\/avitem.fr\/en\/atelier-unoc-alexandrie","url":"https:\/\/avitem.fr\/en\/atelier-unoc-alexandrie","name":"ATELIER UNOC d\u2019Alexandrie - Avitem","isPartOf":{"@id":"https:\/\/avitem.fr\/en#website"},"primaryImageOfPage":{"@id":"https:\/\/avitem.fr\/en\/atelier-unoc-alexandrie#primaryimage"},"image":{"@id":"https:\/\/avitem.fr\/en\/atelier-unoc-alexandrie#primaryimage"},"thumbnailUrl":"https:\/\/avitem.fr\/wp-content\/uploads\/2025\/02\/UNOC-alexandrie-1024x538.png","datePublished":"2025-02-27T12:57:01+00:00","dateModified":"2025-03-07T10:59:00+00:00","breadcrumb":{"@id":"https:\/\/avitem.fr\/en\/atelier-unoc-alexandrie#breadcrumb"},"inLanguage":"en-US","potentialAction":[{"@type":"ReadAction","target":["https:\/\/avitem.fr\/en\/atelier-unoc-alexandrie"]}]},{"@type":"ImageObject","inLanguage":"en-US","@id":"https:\/\/avitem.fr\/en\/atelier-unoc-alexandrie#primaryimage","url":"https:\/\/avitem.fr\/wp-content\/uploads\/2025\/02\/UNOC-alexandrie-1024x538.png","contentUrl":"https:\/\/avitem.fr\/wp-content\/uploads\/2025\/02\/UNOC-alexandrie-1024x538.png"},{"@type":"BreadcrumbList","@id":"https:\/\/avitem.fr\/en\/atelier-unoc-alexandrie#breadcrumb","itemListElement":[{"@type":"ListItem","position":1,"name":"Accueil","item":"https:\/\/avitem.fr\/en"},{"@type":"ListItem","position":2,"name":"ATELIER UNOC d\u2019Alexandrie"}]},{"@type":"WebSite","@id":"https:\/\/avitem.fr\/en#website","url":"https:\/\/avitem.fr\/en","name":"Avitem","description":"L\u2019Agence des Villes et Territoires M\u00e9diterran\u00e9ens Durables","publisher":{"@id":"https:\/\/avitem.fr\/en#organization"},"potentialAction":[{"@type":"SearchAction","target":{"@type":"EntryPoint","urlTemplate":"https:\/\/avitem.fr\/en?s={search_term_string}"},"query-input":{"@type":"PropertyValueSpecification","valueRequired":true,"valueName":"search_term_string"}}],"inLanguage":"en-US"},{"@type":"Organization","@id":"https:\/\/avitem.fr\/en#organization","name":"Avitem","url":"https:\/\/avitem.fr\/en","logo":{"@type":"ImageObject","inLanguage":"en-US","@id":"https:\/\/avitem.fr\/en#\/schema\/logo\/image\/","url":"https:\/\/avitem.fr\/wp-content\/uploads\/2021\/08\/logo-Avitem-internet.jpg","contentUrl":"https:\/\/avitem.fr\/wp-content\/uploads\/2021\/08\/logo-Avitem-internet.jpg","width":300,"height":53,"caption":"Avitem"},"image":{"@id":"https:\/\/avitem.fr\/en#\/schema\/logo\/image\/"}}]}},"_links":{"self":[{"href":"https:\/\/avitem.fr\/en\/wp-json\/wp\/v2\/pages\/18502","targetHints":{"allow":["GET"]}}],"collection":[{"href":"https:\/\/avitem.fr\/en\/wp-json\/wp\/v2\/pages"}],"about":[{"href":"https:\/\/avitem.fr\/en\/wp-json\/wp\/v2\/types\/page"}],"author":[{"embeddable":true,"href":"https:\/\/avitem.fr\/en\/wp-json\/wp\/v2\/users\/1"}],"replies":[{"embeddable":true,"href":"https:\/\/avitem.fr\/en\/wp-json\/wp\/v2\/comments?post=18502"}],"version-history":[{"count":1,"href":"https:\/\/avitem.fr\/en\/wp-json\/wp\/v2\/pages\/18502\/revisions"}],"predecessor-version":[{"id":18504,"href":"https:\/\/avitem.fr\/en\/wp-json\/wp\/v2\/pages\/18502\/revisions\/18504"}],"wp:attachment":[{"href":"https:\/\/avitem.fr\/en\/wp-json\/wp\/v2\/media?parent=18502"}],"curies":[{"name":"wp","href":"https:\/\/api.w.org\/{rel}","templated":true}]}}