{"id":18505,"date":"2025-02-27T11:45:19","date_gmt":"2025-02-27T11:45:19","guid":{"rendered":"https:\/\/avitem.fr\/atelier-unoc-de-marseille"},"modified":"2025-03-07T10:57:02","modified_gmt":"2025-03-07T10:57:02","slug":"atelier-unoc-de-marseille","status":"publish","type":"page","link":"https:\/\/avitem.fr\/en\/atelier-unoc-de-marseille","title":{"rendered":"ATELIER UNOC de Marseille"},"content":{"rendered":"\t\t<div data-elementor-type=\"wp-page\" data-elementor-id=\"18505\" class=\"elementor elementor-18505 elementor-18052\" data-elementor-post-type=\"page\">\n\t\t\t\t\t\t<section class=\"elementor-section elementor-top-section elementor-element elementor-element-18e53cb elementor-section-boxed elementor-section-height-default elementor-section-height-default\" data-id=\"18e53cb\" data-element_type=\"section\" data-e-type=\"section\">\n\t\t\t\t\t\t<div class=\"elementor-container elementor-column-gap-default\">\n\t\t\t\t\t<div class=\"elementor-column elementor-col-100 elementor-top-column elementor-element elementor-element-d4bc0d6\" data-id=\"d4bc0d6\" data-element_type=\"column\" data-e-type=\"column\">\n\t\t\t<div class=\"elementor-widget-wrap elementor-element-populated\">\n\t\t\t\t\t\t<div class=\"elementor-element elementor-element-e004ad3 elementor-widget elementor-widget-image\" data-id=\"e004ad3\" data-element_type=\"widget\" data-e-type=\"widget\" data-widget_type=\"image.default\">\n\t\t\t\t<div class=\"elementor-widget-container\">\n\t\t\t\t\t\t\t\t\t\t\t\t\t\t\t<img fetchpriority=\"high\" decoding=\"async\" width=\"950\" height=\"499\" src=\"https:\/\/avitem.fr\/wp-content\/uploads\/2025\/02\/UNOC-marseille-1024x538.png\" class=\"attachment-large size-large wp-image-18059\" alt=\"\" srcset=\"https:\/\/avitem.fr\/wp-content\/uploads\/2025\/02\/UNOC-marseille-1024x538.png 1024w, https:\/\/avitem.fr\/wp-content\/uploads\/2025\/02\/UNOC-marseille-300x158.png 300w, https:\/\/avitem.fr\/wp-content\/uploads\/2025\/02\/UNOC-marseille.png 1200w\" sizes=\"100vw\" \/>\t\t\t\t\t\t\t\t\t\t\t\t\t\t\t<\/div>\n\t\t\t\t<\/div>\n\t\t\t\t\t<\/div>\n\t\t<\/div>\n\t\t\t\t\t<\/div>\n\t\t<\/section>\n\t\t\t\t<section class=\"elementor-section elementor-top-section elementor-element elementor-element-45fd32a elementor-section-boxed elementor-section-height-default elementor-section-height-default\" data-id=\"45fd32a\" data-element_type=\"section\" data-e-type=\"section\">\n\t\t\t\t\t\t<div class=\"elementor-container elementor-column-gap-default\">\n\t\t\t\t\t<div class=\"elementor-column elementor-col-100 elementor-top-column elementor-element elementor-element-1788d30\" data-id=\"1788d30\" data-element_type=\"column\" data-e-type=\"column\">\n\t\t\t<div class=\"elementor-widget-wrap elementor-element-populated\">\n\t\t\t\t\t\t<div class=\"elementor-element elementor-element-3c4e453 elementor-widget elementor-widget-text-editor\" data-id=\"3c4e453\" data-element_type=\"widget\" data-e-type=\"widget\" data-widget_type=\"text-editor.default\">\n\t\t\t\t<div class=\"elementor-widget-container\">\n\t\t\t\t\t\t\t\t\t<h1><strong>ATELIER UNOC<\/strong><strong> de Marseille &#8211; Journ\u00e9e des collectivit\u00e9s territoriales m\u00e9diterran\u00e9ennes en charge de la gestion de l\u2019eau<\/strong><\/h1>\n\t\t\t\t\t\t\t\t<\/div>\n\t\t\t\t<\/div>\n\t\t\t\t\t<\/div>\n\t\t<\/div>\n\t\t\t\t\t<\/div>\n\t\t<\/section>\n\t\t\t\t<section class=\"elementor-section elementor-top-section elementor-element elementor-element-1d898d73 elementor-section-boxed elementor-section-height-default elementor-section-height-default\" data-id=\"1d898d73\" data-element_type=\"section\" data-e-type=\"section\">\n\t\t\t\t\t\t<div class=\"elementor-container elementor-column-gap-default\">\n\t\t\t\t\t<div class=\"elementor-column elementor-col-100 elementor-top-column elementor-element elementor-element-6c83edc9\" data-id=\"6c83edc9\" data-element_type=\"column\" data-e-type=\"column\">\n\t\t\t<div class=\"elementor-widget-wrap elementor-element-populated\">\n\t\t\t\t\t\t<div class=\"elementor-element elementor-element-3ac7c9c4 elementor-widget elementor-widget-text-editor\" data-id=\"3ac7c9c4\" data-element_type=\"widget\" data-e-type=\"widget\" data-widget_type=\"text-editor.default\">\n\t\t\t\t<div class=\"elementor-widget-container\">\n\t\t\t\t\t\t\t\t\t\n<p><strong>Co-construire une coop\u00e9ration m\u00e9diterran\u00e9enne pour la gestion durable de la ressource en eau.<\/strong><\/p>\n\n<p>Le 23 avril 2024, la Journ\u00e9e des collectivit\u00e9s territoriales m\u00e9diterran\u00e9ennes en charge de la gestion de l\u2019eau s\u2019est tenue \u00e0 Marseille, accueillie par la R\u00e9gion Sud.<\/p>\n\n<p>Face au changement climatique qui accentue la crise mondiale de l&#8217;eau, la r\u00e9gion m\u00e9diterran\u00e9enne est particuli\u00e8rement vuln\u00e9rable. L\u2019acc\u00e8s \u00e0 l\u2019eau, droit fondamental, exacerbe les in\u00e9galit\u00e9s g\u00e9ographiques et socio-\u00e9conomiques. <\/p>\n\n<p>Cette journ\u00e9e d\u2019\u00e9changes a permis de renforcer une dynamique de coop\u00e9ration entre les territoires et les acteurs du pourtour m\u00e9diterran\u00e9en. Elle a abouti \u00e0 la d\u00e9finition d&#8217;orientations strat\u00e9giques traduites potentiellement en actions, bases d\u2019engagements politiques concrets. <\/p>\n\t\t\t\t\t\t\t\t<\/div>\n\t\t\t\t<\/div>\n\t\t\t\t\t<\/div>\n\t\t<\/div>\n\t\t\t\t\t<\/div>\n\t\t<\/section>\n\t\t\t\t<section class=\"elementor-section elementor-top-section elementor-element elementor-element-0bf5061 elementor-section-boxed elementor-section-height-default elementor-section-height-default\" data-id=\"0bf5061\" data-element_type=\"section\" data-e-type=\"section\">\n\t\t\t\t\t\t<div class=\"elementor-container elementor-column-gap-default\">\n\t\t\t\t\t<div class=\"elementor-column elementor-col-100 elementor-top-column elementor-element elementor-element-8096fda\" data-id=\"8096fda\" data-element_type=\"column\" data-e-type=\"column\">\n\t\t\t<div class=\"elementor-widget-wrap elementor-element-populated\">\n\t\t\t\t\t\t<div class=\"elementor-element elementor-element-614b59c elementor-widget elementor-widget-text-editor\" data-id=\"614b59c\" data-element_type=\"widget\" data-e-type=\"widget\" data-widget_type=\"text-editor.default\">\n\t\t\t\t<div class=\"elementor-widget-container\">\n\t\t\t\t\t\t\t\t\t<h2 style=\"text-align: center;\"><strong>D\u00e9claration de Marseille : un cadre pour l\u2019action politique<\/strong><\/h2>\n<p>L\u2019atelier de Marseille, un espace de concertation et de co-production coordonn\u00e9 par l\u2019AVITEM en co-production avec un r\u00e9seau d&#8217;experts-chercheurs et de d\u00e9cideurs publics, notamment l&#8217;<a href=\"https:\/\/ime-eau.org\/\">Institut M\u00e9diterran\u00e9en de l&#8217;Eau<\/a>, <a href=\"https:\/\/medcities.org\/fr\/\">MEDCIT\u00c9S<\/a> et <a href=\"https:\/\/www.pseau.org\/\">PS Eau<\/a>, avec le soutien du <a href=\"https:\/\/www.diplomatie.gouv.fr\/fr\/\">Minist\u00e8re de l\u2019Europe et des Affaires \u00e9trang\u00e8res<\/a>, du <a href=\"https:\/\/www.aude.fr\/\">D\u00e9partement de l\u2019Aude<\/a> et de la Collectivit\u00e9 de Corse: Cullettivit\u00e0 di Corsica.<\/p>\n<p>Cet atelier a donn\u00e9 lieu \u00e0 la signature de la D\u00e9claration de Marseille par plusieurs collectivit\u00e9s territoriales et partenaires associ\u00e9s, un cadre d\u2019action clair pour renforcer la coop\u00e9ration r\u00e9gionale face aux d\u00e9fis hydriques.<\/p>\n<p>Cette d\u00e9claration pose certaines bases de la <strong>\u00ab Voix des M\u00e9diterran\u00e9ens et M\u00e9diterran\u00e9ennes \u00bb<\/strong>, une s\u00e9rie de priorit\u00e9s pour une gestion durable de l\u2019eau potable en le futur de la M\u00e9diterran\u00e9e, qui viendra nourrir la <strong>Coalition des villes littorales et r\u00e9gions c\u00f4ti\u00e8res du monde<\/strong> lors de la troisi\u00e8me <strong>Conf\u00e9rence des Nations Unies sur l\u2019Oc\u00e9an (UNOC 2025)<\/strong>.<\/p>\n<p>La D\u00e9claration de Marseille a \u00e9t\u00e9 diffus\u00e9e lors du Congr\u00e8s Mondial de l\u2019Eau \u00e0 Bali en 2024.<\/p>\n\t\t\t\t\t\t\t\t<\/div>\n\t\t\t\t<\/div>\n\t\t\t\t\t<\/div>\n\t\t<\/div>\n\t\t\t\t\t<\/div>\n\t\t<\/section>\n\t\t\t\t<section class=\"elementor-section elementor-top-section elementor-element elementor-element-57b203f elementor-section-boxed elementor-section-height-default elementor-section-height-default\" data-id=\"57b203f\" data-element_type=\"section\" data-e-type=\"section\">\n\t\t\t\t\t\t<div class=\"elementor-container elementor-column-gap-default\">\n\t\t\t\t\t<div class=\"elementor-column elementor-col-100 elementor-top-column elementor-element elementor-element-43f089e\" data-id=\"43f089e\" data-element_type=\"column\" data-e-type=\"column\">\n\t\t\t<div class=\"elementor-widget-wrap elementor-element-populated\">\n\t\t\t\t\t\t<div class=\"elementor-element elementor-element-993bd4d elementor-align-center elementor-widget elementor-widget-button\" data-id=\"993bd4d\" data-element_type=\"widget\" data-e-type=\"widget\" data-widget_type=\"button.default\">\n\t\t\t\t<div class=\"elementor-widget-container\">\n\t\t\t\t\t\t\t\t\t<div class=\"elementor-button-wrapper\">\n\t\t\t\t\t<a class=\"elementor-button elementor-button-link elementor-size-sm\" href=\"https:\/\/avitem.fr\/wp-content\/uploads\/2025\/02\/ATELIER-UNOC-declaration-Marseille-2024.pdf\">\n\t\t\t\t\t\t<span class=\"elementor-button-content-wrapper\">\n\t\t\t\t\t\t\t\t\t<span class=\"elementor-button-text\">D\u00e9claration de Marseille \u2013 Avril 2024<\/span>\n\t\t\t\t\t<\/span>\n\t\t\t\t\t<\/a>\n\t\t\t\t<\/div>\n\t\t\t\t\t\t\t\t<\/div>\n\t\t\t\t<\/div>\n\t\t\t\t\t<\/div>\n\t\t<\/div>\n\t\t\t\t\t<\/div>\n\t\t<\/section>\n\t\t\t\t<section class=\"elementor-section elementor-top-section elementor-element elementor-element-70b2b4d elementor-section-boxed elementor-section-height-default elementor-section-height-default\" data-id=\"70b2b4d\" data-element_type=\"section\" data-e-type=\"section\">\n\t\t\t\t\t\t<div class=\"elementor-container elementor-column-gap-default\">\n\t\t\t\t\t<div class=\"elementor-column elementor-col-100 elementor-top-column elementor-element elementor-element-5e9588e\" data-id=\"5e9588e\" data-element_type=\"column\" data-e-type=\"column\">\n\t\t\t<div class=\"elementor-widget-wrap elementor-element-populated\">\n\t\t\t\t\t\t<div class=\"elementor-element elementor-element-3901183 elementor-widget elementor-widget-text-editor\" data-id=\"3901183\" data-element_type=\"widget\" data-e-type=\"widget\" data-widget_type=\"text-editor.default\">\n\t\t\t\t<div class=\"elementor-widget-container\">\n\t\t\t\t\t\t\t\t\t<p>La coop\u00e9ration m\u00e9diterran\u00e9enne est au c\u0153ur des politiques d\u2019adaptation au changement climatique. Et les collectivit\u00e9s territoriales y jouent un r\u00f4le central, en assurant la gestion int\u00e9gr\u00e9e de l\u2019eau, la pr\u00e9vention des crises, l\u2019am\u00e9nagement du territoire, et la mise en place d\u2019une gouvernance multi-acteurs. <\/p>\n<h3 style=\"text-align: center;\">Axes d\u2019action prioritaires pour une gestion durable de l\u2019eau en M\u00e9diterran\u00e9e<\/h3>\n<ol>\n<li><strong>Am\u00e9liorer la connaissance et la diffusion des donn\u00e9es :<\/strong> gr\u00e2ce \u00e0 des mod\u00e8les et des outils d\u2019aide \u00e0 la d\u00e9cision, \u00e0 la cr\u00e9ation d\u2019une culture du risque et d\u2019une d\u00e9mocratie de l\u2019eau.<\/li>\n<li><strong>Tracer des voies d\u2019adaptation dynamique :<\/strong> repenser l\u2019am\u00e9nagement du territoire en fonction des ressources en eau, pr\u00e9server les ressources et les infrastructures hydrauliques existantes, et diversifier la production, notamment par la g\u00e9n\u00e9ralisation du re-use.<\/li>\n<li><strong>Favoriser une gouvernance locale et des financements solidaires :<\/strong> \u00e0 travers une gouvernance participative qui s\u2019organise \u00e0 toutes les \u00e9chelles territoriales, et d\u00e9velopper des mod\u00e8les de financement innovants pour garantir un acc\u00e8s \u00e9quitable \u00e0 l\u2019eau.<\/li>\n<\/ol>\n\t\t\t\t\t\t\t\t<\/div>\n\t\t\t\t<\/div>\n\t\t\t\t\t<\/div>\n\t\t<\/div>\n\t\t\t\t\t<\/div>\n\t\t<\/section>\n\t\t\t\t<\/div>\n\t\t","protected":false},"excerpt":{"rendered":"<p>ATELIER UNOC de Marseille &#8211; Journ\u00e9e des collectivit\u00e9s territoriales m\u00e9diterran\u00e9ennes en charge de la gestion de l\u2019eau Co-construire une coop\u00e9ration m\u00e9diterran\u00e9enne pour la gestion durable de la ressource en eau. Le 23 avril 2024, la Journ\u00e9e des collectivit\u00e9s territoriales m\u00e9diterran\u00e9ennes en charge de la gestion de l\u2019eau s\u2019est tenue \u00e0 Marseille, accueillie par la R\u00e9gion &hellip; <\/p>\n<p class=\"link-more\"><a href=\"https:\/\/avitem.fr\/en\/atelier-unoc-de-marseille\" class=\"more-link\">Read more<span class=\"screen-reader-text\"> &#8220;ATELIER UNOC de Marseille&#8221;<\/span><\/a><\/p>\n","protected":false},"author":1,"featured_media":0,"parent":0,"menu_order":0,"comment_status":"closed","ping_status":"closed","template":"elementor_header_footer","meta":{"_monsterinsights_skip_tracking":false,"_monsterinsights_sitenote_active":false,"_monsterinsights_sitenote_note":"","_monsterinsights_sitenote_category":0,"inspiro_hide_title":false,"footnotes":""},"class_list":["post-18505","page","type-page","status-publish","hentry"],"yoast_head":"<!-- This site is optimized with the Yoast SEO plugin v27.3 - https:\/\/yoast.com\/product\/yoast-seo-wordpress\/ -->\n<title>ATELIER UNOC de Marseille - Avitem<\/title>\n<meta name=\"robots\" content=\"index, follow, max-snippet:-1, max-image-preview:large, max-video-preview:-1\" \/>\n<link rel=\"canonical\" href=\"https:\/\/avitem.fr\/en\/atelier-unoc-de-marseille\" \/>\n<meta property=\"og:locale\" content=\"en_US\" \/>\n<meta property=\"og:type\" content=\"article\" \/>\n<meta property=\"og:title\" content=\"ATELIER UNOC de Marseille - Avitem\" \/>\n<meta property=\"og:description\" content=\"ATELIER UNOC de Marseille &#8211; Journ\u00e9e des collectivit\u00e9s territoriales m\u00e9diterran\u00e9ennes en charge de la gestion de l\u2019eau Co-construire une coop\u00e9ration m\u00e9diterran\u00e9enne pour la gestion durable de la ressource en eau. Le 23 avril 2024, la Journ\u00e9e des collectivit\u00e9s territoriales m\u00e9diterran\u00e9ennes en charge de la gestion de l\u2019eau s\u2019est tenue \u00e0 Marseille, accueillie par la R\u00e9gion &hellip; Read more &quot;ATELIER UNOC de Marseille&quot;\" \/>\n<meta property=\"og:url\" content=\"https:\/\/avitem.fr\/en\/atelier-unoc-de-marseille\" \/>\n<meta property=\"og:site_name\" content=\"Avitem\" \/>\n<meta property=\"article:modified_time\" content=\"2025-03-07T10:57:02+00:00\" \/>\n<meta property=\"og:image\" content=\"https:\/\/avitem.fr\/wp-content\/uploads\/2025\/02\/UNOC-marseille.png\" \/>\n\t<meta property=\"og:image:width\" content=\"1200\" \/>\n\t<meta property=\"og:image:height\" content=\"630\" \/>\n\t<meta property=\"og:image:type\" content=\"image\/png\" \/>\n<meta name=\"twitter:card\" content=\"summary_large_image\" \/>\n<meta name=\"twitter:label1\" content=\"Est. reading time\" \/>\n\t<meta name=\"twitter:data1\" content=\"3 minutes\" \/>\n<script type=\"application\/ld+json\" class=\"yoast-schema-graph\">{\"@context\":\"https:\\\/\\\/schema.org\",\"@graph\":[{\"@type\":\"WebPage\",\"@id\":\"https:\\\/\\\/avitem.fr\\\/en\\\/atelier-unoc-de-marseille\",\"url\":\"https:\\\/\\\/avitem.fr\\\/en\\\/atelier-unoc-de-marseille\",\"name\":\"ATELIER UNOC de Marseille - Avitem\",\"isPartOf\":{\"@id\":\"https:\\\/\\\/avitem.fr\\\/en#website\"},\"primaryImageOfPage\":{\"@id\":\"https:\\\/\\\/avitem.fr\\\/en\\\/atelier-unoc-de-marseille#primaryimage\"},\"image\":{\"@id\":\"https:\\\/\\\/avitem.fr\\\/en\\\/atelier-unoc-de-marseille#primaryimage\"},\"thumbnailUrl\":\"https:\\\/\\\/avitem.fr\\\/wp-content\\\/uploads\\\/2025\\\/02\\\/UNOC-marseille-1024x538.png\",\"datePublished\":\"2025-02-27T11:45:19+00:00\",\"dateModified\":\"2025-03-07T10:57:02+00:00\",\"breadcrumb\":{\"@id\":\"https:\\\/\\\/avitem.fr\\\/en\\\/atelier-unoc-de-marseille#breadcrumb\"},\"inLanguage\":\"en-US\",\"potentialAction\":[{\"@type\":\"ReadAction\",\"target\":[\"https:\\\/\\\/avitem.fr\\\/en\\\/atelier-unoc-de-marseille\"]}]},{\"@type\":\"ImageObject\",\"inLanguage\":\"en-US\",\"@id\":\"https:\\\/\\\/avitem.fr\\\/en\\\/atelier-unoc-de-marseille#primaryimage\",\"url\":\"https:\\\/\\\/avitem.fr\\\/wp-content\\\/uploads\\\/2025\\\/02\\\/UNOC-marseille-1024x538.png\",\"contentUrl\":\"https:\\\/\\\/avitem.fr\\\/wp-content\\\/uploads\\\/2025\\\/02\\\/UNOC-marseille-1024x538.png\"},{\"@type\":\"BreadcrumbList\",\"@id\":\"https:\\\/\\\/avitem.fr\\\/en\\\/atelier-unoc-de-marseille#breadcrumb\",\"itemListElement\":[{\"@type\":\"ListItem\",\"position\":1,\"name\":\"Accueil\",\"item\":\"https:\\\/\\\/avitem.fr\\\/en\"},{\"@type\":\"ListItem\",\"position\":2,\"name\":\"ATELIER UNOC de Marseille\"}]},{\"@type\":\"WebSite\",\"@id\":\"https:\\\/\\\/avitem.fr\\\/en#website\",\"url\":\"https:\\\/\\\/avitem.fr\\\/en\",\"name\":\"Avitem\",\"description\":\"L\u2019Agence des Villes et Territoires M\u00e9diterran\u00e9ens Durables\",\"publisher\":{\"@id\":\"https:\\\/\\\/avitem.fr\\\/en#organization\"},\"potentialAction\":[{\"@type\":\"SearchAction\",\"target\":{\"@type\":\"EntryPoint\",\"urlTemplate\":\"https:\\\/\\\/avitem.fr\\\/en?s={search_term_string}\"},\"query-input\":{\"@type\":\"PropertyValueSpecification\",\"valueRequired\":true,\"valueName\":\"search_term_string\"}}],\"inLanguage\":\"en-US\"},{\"@type\":\"Organization\",\"@id\":\"https:\\\/\\\/avitem.fr\\\/en#organization\",\"name\":\"Avitem\",\"url\":\"https:\\\/\\\/avitem.fr\\\/en\",\"logo\":{\"@type\":\"ImageObject\",\"inLanguage\":\"en-US\",\"@id\":\"https:\\\/\\\/avitem.fr\\\/en#\\\/schema\\\/logo\\\/image\\\/\",\"url\":\"https:\\\/\\\/avitem.fr\\\/wp-content\\\/uploads\\\/2021\\\/08\\\/logo-Avitem-internet.jpg\",\"contentUrl\":\"https:\\\/\\\/avitem.fr\\\/wp-content\\\/uploads\\\/2021\\\/08\\\/logo-Avitem-internet.jpg\",\"width\":300,\"height\":53,\"caption\":\"Avitem\"},\"image\":{\"@id\":\"https:\\\/\\\/avitem.fr\\\/en#\\\/schema\\\/logo\\\/image\\\/\"}}]}<\/script>\n<!-- \/ Yoast SEO plugin. -->","yoast_head_json":{"title":"ATELIER UNOC de Marseille - Avitem","robots":{"index":"index","follow":"follow","max-snippet":"max-snippet:-1","max-image-preview":"max-image-preview:large","max-video-preview":"max-video-preview:-1"},"canonical":"https:\/\/avitem.fr\/en\/atelier-unoc-de-marseille","og_locale":"en_US","og_type":"article","og_title":"ATELIER UNOC de Marseille - Avitem","og_description":"ATELIER UNOC de Marseille &#8211; Journ\u00e9e des collectivit\u00e9s territoriales m\u00e9diterran\u00e9ennes en charge de la gestion de l\u2019eau Co-construire une coop\u00e9ration m\u00e9diterran\u00e9enne pour la gestion durable de la ressource en eau. Le 23 avril 2024, la Journ\u00e9e des collectivit\u00e9s territoriales m\u00e9diterran\u00e9ennes en charge de la gestion de l\u2019eau s\u2019est tenue \u00e0 Marseille, accueillie par la R\u00e9gion &hellip; Read more \"ATELIER UNOC de Marseille\"","og_url":"https:\/\/avitem.fr\/en\/atelier-unoc-de-marseille","og_site_name":"Avitem","article_modified_time":"2025-03-07T10:57:02+00:00","og_image":[{"width":1200,"height":630,"url":"https:\/\/avitem.fr\/wp-content\/uploads\/2025\/02\/UNOC-marseille.png","type":"image\/png"}],"twitter_card":"summary_large_image","twitter_misc":{"Est. reading time":"3 minutes"},"schema":{"@context":"https:\/\/schema.org","@graph":[{"@type":"WebPage","@id":"https:\/\/avitem.fr\/en\/atelier-unoc-de-marseille","url":"https:\/\/avitem.fr\/en\/atelier-unoc-de-marseille","name":"ATELIER UNOC de Marseille - Avitem","isPartOf":{"@id":"https:\/\/avitem.fr\/en#website"},"primaryImageOfPage":{"@id":"https:\/\/avitem.fr\/en\/atelier-unoc-de-marseille#primaryimage"},"image":{"@id":"https:\/\/avitem.fr\/en\/atelier-unoc-de-marseille#primaryimage"},"thumbnailUrl":"https:\/\/avitem.fr\/wp-content\/uploads\/2025\/02\/UNOC-marseille-1024x538.png","datePublished":"2025-02-27T11:45:19+00:00","dateModified":"2025-03-07T10:57:02+00:00","breadcrumb":{"@id":"https:\/\/avitem.fr\/en\/atelier-unoc-de-marseille#breadcrumb"},"inLanguage":"en-US","potentialAction":[{"@type":"ReadAction","target":["https:\/\/avitem.fr\/en\/atelier-unoc-de-marseille"]}]},{"@type":"ImageObject","inLanguage":"en-US","@id":"https:\/\/avitem.fr\/en\/atelier-unoc-de-marseille#primaryimage","url":"https:\/\/avitem.fr\/wp-content\/uploads\/2025\/02\/UNOC-marseille-1024x538.png","contentUrl":"https:\/\/avitem.fr\/wp-content\/uploads\/2025\/02\/UNOC-marseille-1024x538.png"},{"@type":"BreadcrumbList","@id":"https:\/\/avitem.fr\/en\/atelier-unoc-de-marseille#breadcrumb","itemListElement":[{"@type":"ListItem","position":1,"name":"Accueil","item":"https:\/\/avitem.fr\/en"},{"@type":"ListItem","position":2,"name":"ATELIER UNOC de Marseille"}]},{"@type":"WebSite","@id":"https:\/\/avitem.fr\/en#website","url":"https:\/\/avitem.fr\/en","name":"Avitem","description":"L\u2019Agence des Villes et Territoires M\u00e9diterran\u00e9ens Durables","publisher":{"@id":"https:\/\/avitem.fr\/en#organization"},"potentialAction":[{"@type":"SearchAction","target":{"@type":"EntryPoint","urlTemplate":"https:\/\/avitem.fr\/en?s={search_term_string}"},"query-input":{"@type":"PropertyValueSpecification","valueRequired":true,"valueName":"search_term_string"}}],"inLanguage":"en-US"},{"@type":"Organization","@id":"https:\/\/avitem.fr\/en#organization","name":"Avitem","url":"https:\/\/avitem.fr\/en","logo":{"@type":"ImageObject","inLanguage":"en-US","@id":"https:\/\/avitem.fr\/en#\/schema\/logo\/image\/","url":"https:\/\/avitem.fr\/wp-content\/uploads\/2021\/08\/logo-Avitem-internet.jpg","contentUrl":"https:\/\/avitem.fr\/wp-content\/uploads\/2021\/08\/logo-Avitem-internet.jpg","width":300,"height":53,"caption":"Avitem"},"image":{"@id":"https:\/\/avitem.fr\/en#\/schema\/logo\/image\/"}}]}},"_links":{"self":[{"href":"https:\/\/avitem.fr\/en\/wp-json\/wp\/v2\/pages\/18505","targetHints":{"allow":["GET"]}}],"collection":[{"href":"https:\/\/avitem.fr\/en\/wp-json\/wp\/v2\/pages"}],"about":[{"href":"https:\/\/avitem.fr\/en\/wp-json\/wp\/v2\/types\/page"}],"author":[{"embeddable":true,"href":"https:\/\/avitem.fr\/en\/wp-json\/wp\/v2\/users\/1"}],"replies":[{"embeddable":true,"href":"https:\/\/avitem.fr\/en\/wp-json\/wp\/v2\/comments?post=18505"}],"version-history":[{"count":1,"href":"https:\/\/avitem.fr\/en\/wp-json\/wp\/v2\/pages\/18505\/revisions"}],"predecessor-version":[{"id":18507,"href":"https:\/\/avitem.fr\/en\/wp-json\/wp\/v2\/pages\/18505\/revisions\/18507"}],"wp:attachment":[{"href":"https:\/\/avitem.fr\/en\/wp-json\/wp\/v2\/media?parent=18505"}],"curies":[{"name":"wp","href":"https:\/\/api.w.org\/{rel}","templated":true}]}}