{"id":29469,"date":"2026-02-04T08:38:30","date_gmt":"2026-02-04T08:38:30","guid":{"rendered":"https:\/\/avitem.fr\/?page_id=29469"},"modified":"2026-02-04T09:05:20","modified_gmt":"2026-02-04T09:05:20","slug":"repper-project","status":"publish","type":"page","link":"https:\/\/avitem.fr\/en\/repper-project","title":{"rendered":"REPper Project"},"content":{"rendered":"\t\t<div data-elementor-type=\"wp-page\" data-elementor-id=\"29469\" class=\"elementor elementor-29469 elementor-29439\" data-elementor-post-type=\"page\">\n\t\t\t\t\t\t<section class=\"elementor-section elementor-top-section elementor-element elementor-element-0c233cf elementor-section-stretched elementor-section-boxed elementor-section-height-default elementor-section-height-default\" data-id=\"0c233cf\" data-element_type=\"section\" data-e-type=\"section\" data-settings=\"{&quot;stretch_section&quot;:&quot;section-stretched&quot;}\">\n\t\t\t\t\t\t<div class=\"elementor-container elementor-column-gap-default\">\n\t\t\t\t\t<div class=\"elementor-column elementor-col-100 elementor-top-column elementor-element elementor-element-da77e6c\" data-id=\"da77e6c\" data-element_type=\"column\" data-e-type=\"column\">\n\t\t\t<div class=\"elementor-widget-wrap\">\n\t\t\t\t\t\t\t<\/div>\n\t\t<\/div>\n\t\t\t\t\t<\/div>\n\t\t<\/section>\n\t\t\t\t<section class=\"elementor-section elementor-top-section elementor-element elementor-element-1a254fd4 elementor-section-full_width elementor-section-stretched elementor-section-height-default elementor-section-height-default\" data-id=\"1a254fd4\" data-element_type=\"section\" data-e-type=\"section\" data-settings=\"{&quot;stretch_section&quot;:&quot;section-stretched&quot;}\">\n\t\t\t\t\t\t<div class=\"elementor-container elementor-column-gap-default\">\n\t\t\t\t\t<div class=\"elementor-column elementor-col-66 elementor-top-column elementor-element elementor-element-6b3c39ac\" data-id=\"6b3c39ac\" data-element_type=\"column\" data-e-type=\"column\">\n\t\t\t<div class=\"elementor-widget-wrap elementor-element-populated\">\n\t\t\t\t\t\t<div class=\"elementor-element elementor-element-e5d3ed0 elementor-widget__width-initial elementor-widget elementor-widget-image\" data-id=\"e5d3ed0\" data-element_type=\"widget\" data-e-type=\"widget\" data-widget_type=\"image.default\">\n\t\t\t\t<div class=\"elementor-widget-container\">\n\t\t\t\t\t\t\t\t\t\t\t\t\t\t\t<img fetchpriority=\"high\" decoding=\"async\" width=\"950\" height=\"195\" src=\"https:\/\/avitem.fr\/wp-content\/uploads\/2026\/02\/Project-logo-950x195.jpg\" class=\"attachment-inspiro-loop size-inspiro-loop wp-image-29449\" alt=\"\" sizes=\"100vw\" \/>\t\t\t\t\t\t\t\t\t\t\t\t\t\t\t<\/div>\n\t\t\t\t<\/div>\n\t\t\t\t<div class=\"elementor-element elementor-element-49c7e6d5 elementor-widget elementor-widget-text-editor\" data-id=\"49c7e6d5\" data-element_type=\"widget\" data-e-type=\"widget\" data-widget_type=\"text-editor.default\">\n\t\t\t\t<div class=\"elementor-widget-container\">\n\t\t\t\t\t\t\t\t\t<p>Le projet REPper vise \u00e0 renforcer ces fili\u00e8res en travaillant sur 3 domaines d\u2019action :<\/p><ul><li>L\u2019offre, avec la cr\u00e9ation d\u2019un r\u00e9seau transnational de fili\u00e8res de la r\u00e9paration et du r\u00e9emploi et le soutien aux porteurs de projets et de solutions.<\/li><li>La formation, notamment des formateurs\/r\u00e9parateurs encadrants, en travaillant au niveau r\u00e9gional comme europ\u00e9en \u00e0 des parcours de mont\u00e9e en comp\u00e9tence et de (re)qualification.<\/li><li>La demande, \u00e0 travers l\u2019incitation des utilisateurs par la sensibilisation, l\u2019acculturation et l\u2019application d\u2019approches comportementales pour favoriser de nouveaux r\u00e9flexes circulaires.<\/li><\/ul>\t\t\t\t\t\t\t\t<\/div>\n\t\t\t\t<\/div>\n\t\t\t\t\t<\/div>\n\t\t<\/div>\n\t\t\t\t<div class=\"elementor-column elementor-col-33 elementor-top-column elementor-element elementor-element-7e5a7ec4\" data-id=\"7e5a7ec4\" data-element_type=\"column\" data-e-type=\"column\" data-settings=\"{&quot;background_background&quot;:&quot;classic&quot;}\">\n\t\t\t<div class=\"elementor-widget-wrap elementor-element-populated\">\n\t\t\t\t\t\t<div class=\"elementor-element elementor-element-5950fe00 elementor-widget elementor-widget-text-editor\" data-id=\"5950fe00\" data-element_type=\"widget\" data-e-type=\"widget\" data-widget_type=\"text-editor.default\">\n\t\t\t\t<div class=\"elementor-widget-container\">\n\t\t\t\t\t\t\t\t\t<h3>The projet in brief<\/h3><p><strong>Repairing, reusing, re-employing and recycling are fast-growing sectors with proven socio-economic and environmental potential, in a national and European regulatory context that encourages the development of the circular economy.<\/strong><\/p><p>The projet brings together <strong>10 partners<\/strong> in Italy, France, Bosnia-Herzegovina, Slovenia, Albania, Spain, Greece, Portugal.\u00a0<\/p><p><b>Lead partner:<\/b> Bologna Metropolitan Area<br \/><strong>Partnership:<\/strong> AltroConsumo ; <a href=\"https:\/\/avitem.fr\/\">Agence des Villes et Territoires M\u00e9diterran\u00e9ens Durables (AVITEM)<\/a> ; Universit\u00e9 de Sarajevo ; E-Institut pour des solutions de d\u00e9veloppement compl\u00e8tes (E-Zavod) ; Agence de D\u00e9veloppement Economique Local (AULEDA) ; Organisation de Consommateurs et d\u2019Usagers ; Organisation pour le D\u00e9veloppement Local<br \/>(Anatoliki SA) ; Association R\u00e9gionale des Agences de Gestion des D\u00e9chets<br \/>de Mac\u00e9doine Centrale ; DECO PROTeste \u2013 Organisation de consommateurs<\/p>\t\t\t\t\t\t\t\t<\/div>\n\t\t\t\t<\/div>\n\t\t\t\t<div class=\"elementor-element elementor-element-31f593bd elementor-align-center elementor-list-item-link-inline elementor-icon-list--layout-traditional elementor-widget elementor-widget-icon-list\" data-id=\"31f593bd\" data-element_type=\"widget\" data-e-type=\"widget\" data-widget_type=\"icon-list.default\">\n\t\t\t\t<div class=\"elementor-widget-container\">\n\t\t\t\t\t\t\t<ul class=\"elementor-icon-list-items\">\n\t\t\t\t\t\t\t<li class=\"elementor-icon-list-item\">\n\t\t\t\t\t\t\t\t\t\t\t<span class=\"elementor-icon-list-icon\">\n\t\t\t\t\t\t\t<i aria-hidden=\"true\" class=\"fas fa-euro-sign\"><\/i>\t\t\t\t\t\t<\/span>\n\t\t\t\t\t\t\t\t\t\t<span class=\"elementor-icon-list-text\"> Interreg Euro Med program<\/span>\n\t\t\t\t\t\t\t\t\t<\/li>\n\t\t\t\t\t\t\t\t<li class=\"elementor-icon-list-item\">\n\t\t\t\t\t\t\t\t\t\t\t<span class=\"elementor-icon-list-icon\">\n\t\t\t\t\t\t\t<i aria-hidden=\"true\" class=\"fas fa-clock\"><\/i>\t\t\t\t\t\t<\/span>\n\t\t\t\t\t\t\t\t\t\t<span class=\"elementor-icon-list-text\">January 2024 &gt; June 2026<\/span>\n\t\t\t\t\t\t\t\t\t<\/li>\n\t\t\t\t\t\t<\/ul>\n\t\t\t\t\t\t<\/div>\n\t\t\t\t<\/div>\n\t\t\t\t<div class=\"elementor-element elementor-element-492f63b5 elementor-align-center elementor-button-danger elementor-widget__width-inherit elementor-widget elementor-widget-button\" data-id=\"492f63b5\" data-element_type=\"widget\" data-e-type=\"widget\" data-widget_type=\"button.default\">\n\t\t\t\t<div class=\"elementor-widget-container\">\n\t\t\t\t\t\t\t\t\t<div class=\"elementor-button-wrapper\">\n\t\t\t\t\t<a class=\"elementor-button elementor-button-link elementor-size-sm\" href=\"https:\/\/repper.interreg-euro-med.eu\/\">\n\t\t\t\t\t\t<span class=\"elementor-button-content-wrapper\">\n\t\t\t\t\t\t\t\t\t<span class=\"elementor-button-text\">Visiter le site web REPper<\/span>\n\t\t\t\t\t<\/span>\n\t\t\t\t\t<\/a>\n\t\t\t\t<\/div>\n\t\t\t\t\t\t\t\t<\/div>\n\t\t\t\t<\/div>\n\t\t\t\t<div class=\"elementor-element elementor-element-7b7ea2cc elementor-align-center elementor-widget elementor-widget-button\" data-id=\"7b7ea2cc\" data-element_type=\"widget\" data-e-type=\"widget\" data-widget_type=\"button.default\">\n\t\t\t\t<div class=\"elementor-widget-container\">\n\t\t\t\t\t\t\t\t\t<div class=\"elementor-button-wrapper\">\n\t\t\t\t\t<a class=\"elementor-button elementor-button-link elementor-size-sm\" href=\"https:\/\/avitem.fr\/wp-content\/uploads\/2024\/02\/ProjectFactsheet-REPper.pdf\" target=\"_blank\">\n\t\t\t\t\t\t<span class=\"elementor-button-content-wrapper\">\n\t\t\t\t\t\t\t\t\t<span class=\"elementor-button-text\">T\u00e9l\u00e9chargez la fiche projet<\/span>\n\t\t\t\t\t<\/span>\n\t\t\t\t\t<\/a>\n\t\t\t\t<\/div>\n\t\t\t\t\t\t\t\t<\/div>\n\t\t\t\t<\/div>\n\t\t\t\t<div class=\"elementor-element elementor-element-38f5021 elementor-widget elementor-widget-image\" data-id=\"38f5021\" data-element_type=\"widget\" data-e-type=\"widget\" data-widget_type=\"image.default\">\n\t\t\t\t<div class=\"elementor-widget-container\">\n\t\t\t\t\t\t\t\t\t\t\t\t\t\t\t<img decoding=\"async\" width=\"456\" height=\"1024\" src=\"https:\/\/avitem.fr\/wp-content\/uploads\/2026\/02\/ROLL-UP_REPper-456x1024.jpg\" class=\"attachment-large size-large wp-image-29454\" alt=\"\" srcset=\"https:\/\/avitem.fr\/wp-content\/uploads\/2026\/02\/ROLL-UP_REPper-456x1024.jpg 456w, https:\/\/avitem.fr\/wp-content\/uploads\/2026\/02\/ROLL-UP_REPper-133x300.jpg 133w, https:\/\/avitem.fr\/wp-content\/uploads\/2026\/02\/ROLL-UP_REPper-scaled-683x1536.jpg 683w, https:\/\/avitem.fr\/wp-content\/uploads\/2026\/02\/ROLL-UP_REPper-scaled-911x2048.jpg 911w, https:\/\/avitem.fr\/wp-content\/uploads\/2026\/02\/ROLL-UP_REPper-scaled.jpg 1139w\" sizes=\"100vw\" \/>\t\t\t\t\t\t\t\t\t\t\t\t\t\t\t<\/div>\n\t\t\t\t<\/div>\n\t\t\t\t\t<\/div>\n\t\t<\/div>\n\t\t\t\t\t<\/div>\n\t\t<\/section>\n\t\t\t\t<section class=\"elementor-section elementor-top-section elementor-element elementor-element-2a378c6 elementor-section-boxed elementor-section-height-default elementor-section-height-default\" data-id=\"2a378c6\" data-element_type=\"section\" data-e-type=\"section\">\n\t\t\t\t\t\t<div class=\"elementor-container elementor-column-gap-default\">\n\t\t\t\t\t<div class=\"elementor-column elementor-col-100 elementor-top-column elementor-element elementor-element-53c83b6\" data-id=\"53c83b6\" data-element_type=\"column\" data-e-type=\"column\">\n\t\t\t<div class=\"elementor-widget-wrap elementor-element-populated\">\n\t\t\t\t\t\t<div class=\"elementor-element elementor-element-17ba262 elementor-widget-divider--view-line elementor-widget elementor-widget-divider\" data-id=\"17ba262\" data-element_type=\"widget\" data-e-type=\"widget\" data-widget_type=\"divider.default\">\n\t\t\t\t<div class=\"elementor-widget-container\">\n\t\t\t\t\t\t\t<div class=\"elementor-divider\">\n\t\t\t<span class=\"elementor-divider-separator\">\n\t\t\t\t\t\t<\/span>\n\t\t<\/div>\n\t\t\t\t\t\t<\/div>\n\t\t\t\t<\/div>\n\t\t\t\t\t<\/div>\n\t\t<\/div>\n\t\t\t\t\t<\/div>\n\t\t<\/section>\n\t\t\t\t<section class=\"elementor-section elementor-top-section elementor-element elementor-element-b9358f3 elementor-section-boxed elementor-section-height-default elementor-section-height-default\" data-id=\"b9358f3\" data-element_type=\"section\" data-e-type=\"section\">\n\t\t\t\t\t\t<div class=\"elementor-container elementor-column-gap-default\">\n\t\t\t\t\t<div class=\"elementor-column elementor-col-66 elementor-top-column elementor-element elementor-element-d96c277\" data-id=\"d96c277\" data-element_type=\"column\" data-e-type=\"column\">\n\t\t\t<div class=\"elementor-widget-wrap\">\n\t\t\t\t\t\t\t<\/div>\n\t\t<\/div>\n\t\t\t\t<div class=\"elementor-column elementor-col-33 elementor-top-column elementor-element elementor-element-996912c\" data-id=\"996912c\" data-element_type=\"column\" data-e-type=\"column\">\n\t\t\t<div class=\"elementor-widget-wrap\">\n\t\t\t\t\t\t\t<\/div>\n\t\t<\/div>\n\t\t\t\t\t<\/div>\n\t\t<\/section>\n\t\t\t\t<section class=\"elementor-section elementor-top-section elementor-element elementor-element-ccfecff elementor-section-boxed elementor-section-height-default elementor-section-height-default\" data-id=\"ccfecff\" data-element_type=\"section\" data-e-type=\"section\">\n\t\t\t\t\t\t<div class=\"elementor-container elementor-column-gap-default\">\n\t\t\t\t\t<div class=\"elementor-column elementor-col-100 elementor-top-column elementor-element elementor-element-22fae0b\" data-id=\"22fae0b\" data-element_type=\"column\" data-e-type=\"column\">\n\t\t\t<div class=\"elementor-widget-wrap\">\n\t\t\t\t\t\t\t<\/div>\n\t\t<\/div>\n\t\t\t\t\t<\/div>\n\t\t<\/section>\n\t\t\t\t<\/div>\n\t\t","protected":false},"excerpt":{"rendered":"<p>Le projet REPper vise \u00e0 renforcer ces fili\u00e8res en travaillant sur 3 domaines d\u2019action : L\u2019offre, avec la cr\u00e9ation d\u2019un r\u00e9seau transnational de fili\u00e8res de la r\u00e9paration et du r\u00e9emploi et le soutien aux porteurs de projets et de solutions. La formation, notamment des formateurs\/r\u00e9parateurs encadrants, en travaillant au niveau r\u00e9gional comme europ\u00e9en \u00e0 des &hellip; <\/p>\n<p class=\"link-more\"><a href=\"https:\/\/avitem.fr\/en\/repper-project\" class=\"more-link\">Read more<span class=\"screen-reader-text\"> &#8220;REPper Project&#8221;<\/span><\/a><\/p>\n","protected":false},"author":1,"featured_media":29444,"parent":0,"menu_order":0,"comment_status":"closed","ping_status":"closed","template":"","meta":{"_monsterinsights_skip_tracking":false,"_monsterinsights_sitenote_active":false,"_monsterinsights_sitenote_note":"","_monsterinsights_sitenote_category":0,"inspiro_hide_title":false,"footnotes":""},"class_list":["post-29469","page","type-page","status-publish","has-post-thumbnail","hentry"],"yoast_head":"<!-- This site is optimized with the Yoast SEO plugin v27.3 - https:\/\/yoast.com\/product\/yoast-seo-wordpress\/ -->\n<title>REPper Project - Avitem<\/title>\n<meta name=\"robots\" content=\"index, follow, max-snippet:-1, max-image-preview:large, max-video-preview:-1\" \/>\n<link rel=\"canonical\" href=\"https:\/\/avitem.fr\/en\/repper-project\" \/>\n<meta property=\"og:locale\" content=\"en_US\" \/>\n<meta property=\"og:type\" content=\"article\" \/>\n<meta property=\"og:title\" content=\"REPper Project - Avitem\" \/>\n<meta property=\"og:description\" content=\"Le projet REPper vise \u00e0 renforcer ces fili\u00e8res en travaillant sur 3 domaines d\u2019action : L\u2019offre, avec la cr\u00e9ation d\u2019un r\u00e9seau transnational de fili\u00e8res de la r\u00e9paration et du r\u00e9emploi et le soutien aux porteurs de projets et de solutions. La formation, notamment des formateurs\/r\u00e9parateurs encadrants, en travaillant au niveau r\u00e9gional comme europ\u00e9en \u00e0 des &hellip; Read more &quot;REPper Project&quot;\" \/>\n<meta property=\"og:url\" content=\"https:\/\/avitem.fr\/en\/repper-project\" \/>\n<meta property=\"og:site_name\" content=\"Avitem\" \/>\n<meta property=\"article:modified_time\" content=\"2026-02-04T09:05:20+00:00\" \/>\n<meta property=\"og:image\" content=\"https:\/\/avitem.fr\/wp-content\/uploads\/2026\/02\/banner-repper.png\" \/>\n\t<meta property=\"og:image:width\" content=\"1693\" \/>\n\t<meta property=\"og:image:height\" content=\"619\" \/>\n\t<meta property=\"og:image:type\" content=\"image\/png\" \/>\n<meta name=\"twitter:card\" content=\"summary_large_image\" \/>\n<meta name=\"twitter:label1\" content=\"Est. reading time\" \/>\n\t<meta name=\"twitter:data1\" content=\"2 minutes\" \/>\n<script type=\"application\/ld+json\" class=\"yoast-schema-graph\">{\"@context\":\"https:\\\/\\\/schema.org\",\"@graph\":[{\"@type\":\"WebPage\",\"@id\":\"https:\\\/\\\/avitem.fr\\\/en\\\/repper-project\",\"url\":\"https:\\\/\\\/avitem.fr\\\/en\\\/repper-project\",\"name\":\"REPper Project - Avitem\",\"isPartOf\":{\"@id\":\"https:\\\/\\\/avitem.fr\\\/en#website\"},\"primaryImageOfPage\":{\"@id\":\"https:\\\/\\\/avitem.fr\\\/en\\\/repper-project#primaryimage\"},\"image\":{\"@id\":\"https:\\\/\\\/avitem.fr\\\/en\\\/repper-project#primaryimage\"},\"thumbnailUrl\":\"https:\\\/\\\/avitem.fr\\\/wp-content\\\/uploads\\\/2026\\\/02\\\/banner-repper.png\",\"datePublished\":\"2026-02-04T08:38:30+00:00\",\"dateModified\":\"2026-02-04T09:05:20+00:00\",\"breadcrumb\":{\"@id\":\"https:\\\/\\\/avitem.fr\\\/en\\\/repper-project#breadcrumb\"},\"inLanguage\":\"en-US\",\"potentialAction\":[{\"@type\":\"ReadAction\",\"target\":[\"https:\\\/\\\/avitem.fr\\\/en\\\/repper-project\"]}]},{\"@type\":\"ImageObject\",\"inLanguage\":\"en-US\",\"@id\":\"https:\\\/\\\/avitem.fr\\\/en\\\/repper-project#primaryimage\",\"url\":\"https:\\\/\\\/avitem.fr\\\/wp-content\\\/uploads\\\/2026\\\/02\\\/banner-repper.png\",\"contentUrl\":\"https:\\\/\\\/avitem.fr\\\/wp-content\\\/uploads\\\/2026\\\/02\\\/banner-repper.png\",\"width\":1693,\"height\":619},{\"@type\":\"BreadcrumbList\",\"@id\":\"https:\\\/\\\/avitem.fr\\\/en\\\/repper-project#breadcrumb\",\"itemListElement\":[{\"@type\":\"ListItem\",\"position\":1,\"name\":\"Accueil\",\"item\":\"https:\\\/\\\/avitem.fr\\\/en\"},{\"@type\":\"ListItem\",\"position\":2,\"name\":\"REPper Project\"}]},{\"@type\":\"WebSite\",\"@id\":\"https:\\\/\\\/avitem.fr\\\/en#website\",\"url\":\"https:\\\/\\\/avitem.fr\\\/en\",\"name\":\"Avitem\",\"description\":\"L\u2019Agence des Villes et Territoires M\u00e9diterran\u00e9ens Durables\",\"publisher\":{\"@id\":\"https:\\\/\\\/avitem.fr\\\/en#organization\"},\"potentialAction\":[{\"@type\":\"SearchAction\",\"target\":{\"@type\":\"EntryPoint\",\"urlTemplate\":\"https:\\\/\\\/avitem.fr\\\/en?s={search_term_string}\"},\"query-input\":{\"@type\":\"PropertyValueSpecification\",\"valueRequired\":true,\"valueName\":\"search_term_string\"}}],\"inLanguage\":\"en-US\"},{\"@type\":\"Organization\",\"@id\":\"https:\\\/\\\/avitem.fr\\\/en#organization\",\"name\":\"Avitem\",\"url\":\"https:\\\/\\\/avitem.fr\\\/en\",\"logo\":{\"@type\":\"ImageObject\",\"inLanguage\":\"en-US\",\"@id\":\"https:\\\/\\\/avitem.fr\\\/en#\\\/schema\\\/logo\\\/image\\\/\",\"url\":\"https:\\\/\\\/avitem.fr\\\/wp-content\\\/uploads\\\/2021\\\/08\\\/logo-Avitem-internet.jpg\",\"contentUrl\":\"https:\\\/\\\/avitem.fr\\\/wp-content\\\/uploads\\\/2021\\\/08\\\/logo-Avitem-internet.jpg\",\"width\":300,\"height\":53,\"caption\":\"Avitem\"},\"image\":{\"@id\":\"https:\\\/\\\/avitem.fr\\\/en#\\\/schema\\\/logo\\\/image\\\/\"}}]}<\/script>\n<!-- \/ Yoast SEO plugin. -->","yoast_head_json":{"title":"REPper Project - Avitem","robots":{"index":"index","follow":"follow","max-snippet":"max-snippet:-1","max-image-preview":"max-image-preview:large","max-video-preview":"max-video-preview:-1"},"canonical":"https:\/\/avitem.fr\/en\/repper-project","og_locale":"en_US","og_type":"article","og_title":"REPper Project - Avitem","og_description":"Le projet REPper vise \u00e0 renforcer ces fili\u00e8res en travaillant sur 3 domaines d\u2019action : L\u2019offre, avec la cr\u00e9ation d\u2019un r\u00e9seau transnational de fili\u00e8res de la r\u00e9paration et du r\u00e9emploi et le soutien aux porteurs de projets et de solutions. La formation, notamment des formateurs\/r\u00e9parateurs encadrants, en travaillant au niveau r\u00e9gional comme europ\u00e9en \u00e0 des &hellip; Read more \"REPper Project\"","og_url":"https:\/\/avitem.fr\/en\/repper-project","og_site_name":"Avitem","article_modified_time":"2026-02-04T09:05:20+00:00","og_image":[{"width":1693,"height":619,"url":"https:\/\/avitem.fr\/wp-content\/uploads\/2026\/02\/banner-repper.png","type":"image\/png"}],"twitter_card":"summary_large_image","twitter_misc":{"Est. reading time":"2 minutes"},"schema":{"@context":"https:\/\/schema.org","@graph":[{"@type":"WebPage","@id":"https:\/\/avitem.fr\/en\/repper-project","url":"https:\/\/avitem.fr\/en\/repper-project","name":"REPper Project - Avitem","isPartOf":{"@id":"https:\/\/avitem.fr\/en#website"},"primaryImageOfPage":{"@id":"https:\/\/avitem.fr\/en\/repper-project#primaryimage"},"image":{"@id":"https:\/\/avitem.fr\/en\/repper-project#primaryimage"},"thumbnailUrl":"https:\/\/avitem.fr\/wp-content\/uploads\/2026\/02\/banner-repper.png","datePublished":"2026-02-04T08:38:30+00:00","dateModified":"2026-02-04T09:05:20+00:00","breadcrumb":{"@id":"https:\/\/avitem.fr\/en\/repper-project#breadcrumb"},"inLanguage":"en-US","potentialAction":[{"@type":"ReadAction","target":["https:\/\/avitem.fr\/en\/repper-project"]}]},{"@type":"ImageObject","inLanguage":"en-US","@id":"https:\/\/avitem.fr\/en\/repper-project#primaryimage","url":"https:\/\/avitem.fr\/wp-content\/uploads\/2026\/02\/banner-repper.png","contentUrl":"https:\/\/avitem.fr\/wp-content\/uploads\/2026\/02\/banner-repper.png","width":1693,"height":619},{"@type":"BreadcrumbList","@id":"https:\/\/avitem.fr\/en\/repper-project#breadcrumb","itemListElement":[{"@type":"ListItem","position":1,"name":"Accueil","item":"https:\/\/avitem.fr\/en"},{"@type":"ListItem","position":2,"name":"REPper Project"}]},{"@type":"WebSite","@id":"https:\/\/avitem.fr\/en#website","url":"https:\/\/avitem.fr\/en","name":"Avitem","description":"L\u2019Agence des Villes et Territoires M\u00e9diterran\u00e9ens Durables","publisher":{"@id":"https:\/\/avitem.fr\/en#organization"},"potentialAction":[{"@type":"SearchAction","target":{"@type":"EntryPoint","urlTemplate":"https:\/\/avitem.fr\/en?s={search_term_string}"},"query-input":{"@type":"PropertyValueSpecification","valueRequired":true,"valueName":"search_term_string"}}],"inLanguage":"en-US"},{"@type":"Organization","@id":"https:\/\/avitem.fr\/en#organization","name":"Avitem","url":"https:\/\/avitem.fr\/en","logo":{"@type":"ImageObject","inLanguage":"en-US","@id":"https:\/\/avitem.fr\/en#\/schema\/logo\/image\/","url":"https:\/\/avitem.fr\/wp-content\/uploads\/2021\/08\/logo-Avitem-internet.jpg","contentUrl":"https:\/\/avitem.fr\/wp-content\/uploads\/2021\/08\/logo-Avitem-internet.jpg","width":300,"height":53,"caption":"Avitem"},"image":{"@id":"https:\/\/avitem.fr\/en#\/schema\/logo\/image\/"}}]}},"_links":{"self":[{"href":"https:\/\/avitem.fr\/en\/wp-json\/wp\/v2\/pages\/29469","targetHints":{"allow":["GET"]}}],"collection":[{"href":"https:\/\/avitem.fr\/en\/wp-json\/wp\/v2\/pages"}],"about":[{"href":"https:\/\/avitem.fr\/en\/wp-json\/wp\/v2\/types\/page"}],"author":[{"embeddable":true,"href":"https:\/\/avitem.fr\/en\/wp-json\/wp\/v2\/users\/1"}],"replies":[{"embeddable":true,"href":"https:\/\/avitem.fr\/en\/wp-json\/wp\/v2\/comments?post=29469"}],"version-history":[{"count":18,"href":"https:\/\/avitem.fr\/en\/wp-json\/wp\/v2\/pages\/29469\/revisions"}],"predecessor-version":[{"id":29489,"href":"https:\/\/avitem.fr\/en\/wp-json\/wp\/v2\/pages\/29469\/revisions\/29489"}],"wp:featuredmedia":[{"embeddable":true,"href":"https:\/\/avitem.fr\/en\/wp-json\/wp\/v2\/media\/29444"}],"wp:attachment":[{"href":"https:\/\/avitem.fr\/en\/wp-json\/wp\/v2\/media?parent=29469"}],"curies":[{"name":"wp","href":"https:\/\/api.w.org\/{rel}","templated":true}]}}